{"id":73,"date":"2023-02-12T02:55:39","date_gmt":"2023-02-11T23:55:39","guid":{"rendered":"https:\/\/www.cgsotomat.com\/?page_id=73"},"modified":"2024-03-28T20:15:00","modified_gmt":"2024-03-28T17:15:00","slug":"kalite","status":"publish","type":"page","link":"https:\/\/www.cgsotomat.com\/de\/kalite\/","title":{"rendered":"Kalite"},"content":{"rendered":"\t\t<div data-elementor-type=\"wp-page\" data-elementor-id=\"73\" class=\"elementor elementor-73\" data-elementor-settings=\"{&quot;ha_cmc_init_switcher&quot;:&quot;no&quot;}\">\n\t\t\t\t\t\t<section class=\"elementor-section elementor-top-section elementor-element elementor-element-11a7d39 elementor-section-boxed elementor-section-height-default elementor-section-height-default wpr-particle-no wpr-jarallax-no wpr-parallax-no wpr-sticky-section-no\" data-id=\"11a7d39\" data-element_type=\"section\" data-settings=\"{&quot;_ha_eqh_enable&quot;:false}\">\n\t\t\t\t\t\t<div class=\"elementor-container elementor-column-gap-default\">\n\t\t\t\t\t<div class=\"elementor-column elementor-col-50 elementor-top-column elementor-element elementor-element-6f75bb7 elementor-invisible\" data-id=\"6f75bb7\" data-element_type=\"column\" data-settings=\"{&quot;animation&quot;:&quot;fadeInLeft&quot;}\">\n\t\t\t<div class=\"elementor-widget-wrap elementor-element-populated\">\n\t\t\t\t\t\t<div class=\"elementor-element elementor-element-59c4f23 elementor-widget elementor-widget-text-editor\" data-id=\"59c4f23\" data-element_type=\"widget\" data-widget_type=\"text-editor.default\">\n\t\t\t\t<div class=\"elementor-widget-container\">\n\t\t\t\t\t\t\t\t\t<strong>Kalite Sistemi<\/strong>\t\t\t\t\t\t\t\t<\/div>\n\t\t\t\t<\/div>\n\t\t\t\t<div class=\"elementor-element elementor-element-164f2cf elementor-widget elementor-widget-text-editor\" data-id=\"164f2cf\" data-element_type=\"widget\" data-widget_type=\"text-editor.default\">\n\t\t\t\t<div class=\"elementor-widget-container\">\n\t\t\t\t\t\t\t\t\t<p>\u00dcr\u00fcn ve hizmet kalitemizden taviz vermeden m\u00fc\u015fterilerimize \u00fcr\u00fcnlerimizi uygun fiyat politikas\u0131 ile tam ve zaman\u0131nda sevkiyat yaparak en iyi hizmeti sunmay\u0131,<\/p>\n<p>Faaliyetlerimizi ger\u00e7ekle\u015ftirirken t\u00fcm birimlerimizde s\u00fcrekli iyile\u015ftirme prensibini benimseyerek \u00e7al\u0131\u015fanlar\u0131m\u0131z\u0131n bilin\u00e7li kat\u0131l\u0131m\u0131 ile verimlilik ve karl\u0131l\u0131\u011f\u0131m\u0131z\u0131 artt\u0131rarak, rekabet\u00e7i g\u00fcc\u00fcm\u00fcz\u00fc geli\u015ftirmeyi,<\/p>\n<p>\u00c7al\u0131\u015fanlar\u0131m\u0131z\u0131 e\u011fitimler ile s\u00fcrekli geli\u015ftirmeyi, onlara uygun \u00e7al\u0131\u015fma ortam\u0131 ve imkanlar sunarak \u00e7al\u0131\u015fan motivasyonunun en \u00fcst d\u00fczeyde olmas\u0131n\u0131,<\/p>\n<p>D\u00fcnyadaki teknolojik geli\u015fmeleri yak\u0131ndan izleyerek yenilikleri d\u00fczenli ve sistematik bir \u015fekilde uygulamaya koymay\u0131,<\/p>\n<p><span style=\"color: #333333;\">\u00c7al\u0131\u015fanlar\u0131 ile birlikte; m\u00fc\u015fteri memnuniyetini daima g\u00f6z \u00f6n\u00fcnde tutan, \u00fcr\u00fcn ve hizmet kalitesini s\u00fcrekli geli\u015ftiren, \u00e7evreye sayg\u0131l\u0131 ve duyarl\u0131, yeni teknolojileri takip eden, odakland\u0131\u011f\u0131 i\u015flerde yurt i\u00e7i ve yurtd\u0131\u015f\u0131 pazarlarda \u201cstratejik i\u015f orta\u011f\u0131\u201d olarak tercih edilen verimli ve etkin bir firma olmak.<\/span><\/p>\t\t\t\t\t\t\t\t<\/div>\n\t\t\t\t<\/div>\n\t\t\t\t\t<\/div>\n\t\t<\/div>\n\t\t\t\t<div class=\"elementor-column elementor-col-50 elementor-top-column elementor-element elementor-element-64c663c elementor-invisible\" data-id=\"64c663c\" data-element_type=\"column\" data-settings=\"{&quot;animation&quot;:&quot;fadeInUp&quot;}\">\n\t\t\t<div class=\"elementor-widget-wrap elementor-element-populated\">\n\t\t\t\t\t\t<div class=\"elementor-element elementor-element-7583097 elementor-widget elementor-widget-text-editor\" data-id=\"7583097\" data-element_type=\"widget\" data-widget_type=\"text-editor.default\">\n\t\t\t\t<div class=\"elementor-widget-container\">\n\t\t\t\t\t\t\t\t\t<strong>Kalite Belgemiz<\/strong>\t\t\t\t\t\t\t\t<\/div>\n\t\t\t\t<\/div>\n\t\t\t\t<div class=\"elementor-element elementor-element-0dacbd2 elementor-widget elementor-widget-image\" data-id=\"0dacbd2\" data-element_type=\"widget\" data-widget_type=\"image.default\">\n\t\t\t\t<div class=\"elementor-widget-container\">\n\t\t\t\t\t\t\t\t\t\t\t\t\t\t\t\t<a href=\"https:\/\/www.cgsotomat.com\/wp-content\/uploads\/2024\/03\/cgsotomat-kalite-belgesi-2024.png\" data-elementor-open-lightbox=\"yes\" data-elementor-lightbox-title=\"cgsotomat kalite belgesi 2024\" data-e-action-hash=\"#elementor-action%3Aaction%3Dlightbox%26settings%3DeyJpZCI6OTkxLCJ1cmwiOiJodHRwczpcL1wvd3d3LmNnc290b21hdC5jb21cL3dwLWNvbnRlbnRcL3VwbG9hZHNcLzIwMjRcLzAzXC9jZ3NvdG9tYXQta2FsaXRlLWJlbGdlc2ktMjAyNC5wbmcifQ%3D%3D\">\n\t\t\t\t\t\t\t<img fetchpriority=\"high\" decoding=\"async\" width=\"714\" height=\"1024\" src=\"https:\/\/www.cgsotomat.com\/wp-content\/uploads\/2024\/03\/cgsotomat-kalite-belgesi-2024-714x1024.png\" class=\"attachment-large size-large wp-image-991\" alt=\"\" srcset=\"https:\/\/www.cgsotomat.com\/wp-content\/uploads\/2024\/03\/cgsotomat-kalite-belgesi-2024-714x1024.png 714w, https:\/\/www.cgsotomat.com\/wp-content\/uploads\/2024\/03\/cgsotomat-kalite-belgesi-2024-209x300.png 209w, https:\/\/www.cgsotomat.com\/wp-content\/uploads\/2024\/03\/cgsotomat-kalite-belgesi-2024-768x1101.png 768w, https:\/\/www.cgsotomat.com\/wp-content\/uploads\/2024\/03\/cgsotomat-kalite-belgesi-2024.png 969w\" sizes=\"(max-width: 714px) 100vw, 714px\" \/>\t\t\t\t\t\t\t\t<\/a>\n\t\t\t\t\t\t\t\t\t\t\t\t\t\t\t<\/div>\n\t\t\t\t<\/div>\n\t\t\t\t\t<\/div>\n\t\t<\/div>\n\t\t\t\t\t<\/div>\n\t\t<\/section>\n\t\t\t\t<\/div>\n\t\t","protected":false},"excerpt":{"rendered":"<p>cgsotomat kalite belgesi 2024<\/p>\n","protected":false},"author":1,"featured_media":0,"parent":0,"menu_order":0,"comment_status":"closed","ping_status":"closed","template":"","meta":{"om_disable_all_campaigns":false,"_monsterinsights_skip_tracking":false,"_monsterinsights_sitenote_active":false,"_monsterinsights_sitenote_note":"","_monsterinsights_sitenote_category":0,"footnotes":""},"class_list":["post-73","page","type-page","status-publish","hentry"],"aioseo_notices":[],"_links":{"self":[{"href":"https:\/\/www.cgsotomat.com\/de\/wp-json\/wp\/v2\/pages\/73","targetHints":{"allow":["GET"]}}],"collection":[{"href":"https:\/\/www.cgsotomat.com\/de\/wp-json\/wp\/v2\/pages"}],"about":[{"href":"https:\/\/www.cgsotomat.com\/de\/wp-json\/wp\/v2\/types\/page"}],"author":[{"embeddable":true,"href":"https:\/\/www.cgsotomat.com\/de\/wp-json\/wp\/v2\/users\/1"}],"replies":[{"embeddable":true,"href":"https:\/\/www.cgsotomat.com\/de\/wp-json\/wp\/v2\/comments?post=73"}],"version-history":[{"count":27,"href":"https:\/\/www.cgsotomat.com\/de\/wp-json\/wp\/v2\/pages\/73\/revisions"}],"predecessor-version":[{"id":994,"href":"https:\/\/www.cgsotomat.com\/de\/wp-json\/wp\/v2\/pages\/73\/revisions\/994"}],"wp:attachment":[{"href":"https:\/\/www.cgsotomat.com\/de\/wp-json\/wp\/v2\/media?parent=73"}],"curies":[{"name":"wp","href":"https:\/\/api.w.org\/{rel}","templated":true}]}}