{"id":76,"date":"2023-02-12T02:57:04","date_gmt":"2023-02-11T23:57:04","guid":{"rendered":"https:\/\/www.cgsotomat.com\/?page_id=76"},"modified":"2024-03-28T20:18:08","modified_gmt":"2024-03-28T17:18:08","slug":"laboratuvar","status":"publish","type":"page","link":"https:\/\/www.cgsotomat.com\/de\/laboratuvar\/","title":{"rendered":"Laboratuvar"},"content":{"rendered":"\t\t<div data-elementor-type=\"wp-page\" data-elementor-id=\"76\" class=\"elementor elementor-76\" data-elementor-settings=\"{&quot;ha_cmc_init_switcher&quot;:&quot;no&quot;}\">\n\t\t\t\t\t\t<section class=\"elementor-section elementor-top-section elementor-element elementor-element-0c4a042 elementor-section-boxed elementor-section-height-default elementor-section-height-default wpr-particle-no wpr-jarallax-no wpr-parallax-no wpr-sticky-section-no\" data-id=\"0c4a042\" data-element_type=\"section\" data-settings=\"{&quot;_ha_eqh_enable&quot;:false}\">\n\t\t\t\t\t\t<div class=\"elementor-container elementor-column-gap-default\">\n\t\t\t\t\t<div class=\"elementor-column elementor-col-100 elementor-top-column elementor-element elementor-element-f26152f\" data-id=\"f26152f\" data-element_type=\"column\">\n\t\t\t<div class=\"elementor-widget-wrap elementor-element-populated\">\n\t\t\t\t\t\t<div class=\"elementor-element elementor-element-6a6de69 elementor-widget elementor-widget-text-editor\" data-id=\"6a6de69\" data-element_type=\"widget\" data-widget_type=\"text-editor.default\">\n\t\t\t\t<div class=\"elementor-widget-container\">\n\t\t\t\t\t\t\t\t\t\u00d6l\u00e7\u00fcm Laboratuvar\u0131\t\t\t\t\t\t\t\t<\/div>\n\t\t\t\t<\/div>\n\t\t\t\t\t<\/div>\n\t\t<\/div>\n\t\t\t\t\t<\/div>\n\t\t<\/section>\n\t\t\t\t<section class=\"elementor-section elementor-top-section elementor-element elementor-element-9f61012 elementor-section-boxed elementor-section-height-default elementor-section-height-default wpr-particle-no wpr-jarallax-no wpr-parallax-no wpr-sticky-section-no\" data-id=\"9f61012\" data-element_type=\"section\" data-settings=\"{&quot;_ha_eqh_enable&quot;:false}\">\n\t\t\t\t\t\t<div class=\"elementor-container elementor-column-gap-default\">\n\t\t\t\t\t<div class=\"elementor-column elementor-col-100 elementor-top-column elementor-element elementor-element-93fde2e\" data-id=\"93fde2e\" data-element_type=\"column\">\n\t\t\t<div class=\"elementor-widget-wrap elementor-element-populated\">\n\t\t\t\t\t\t<div class=\"elementor-element elementor-element-f539e4b elementor-widget elementor-widget-ha-justified-gallery happy-addon ha-justified-gallery\" data-id=\"f539e4b\" data-element_type=\"widget\" data-settings=\"{&quot;row_height&quot;:{&quot;unit&quot;:&quot;px&quot;,&quot;size&quot;:160,&quot;sizes&quot;:[]},&quot;margins&quot;:{&quot;unit&quot;:&quot;px&quot;,&quot;size&quot;:5,&quot;sizes&quot;:[]},&quot;last_row&quot;:&quot;justify&quot;,&quot;enable_popup&quot;:&quot;yes&quot;}\" data-widget_type=\"ha-justified-gallery.default\">\n\t\t\t\t<div class=\"elementor-widget-container\">\n\t\t\t\t\t\n\t\t<div class=\"ha-justified-grid__wrap hajs-justified-grid\">\n\t\t\t\t\t\t\t<a href=\"#\" data-mfp-src=\"https:\/\/www.cgsotomat.com\/wp-content\/uploads\/2024\/03\/cgsotomat-laboratuvar-002-1024x768.jpg\" class=\"ha-justified-grid__item ha-js-lightbox __fltr-1\" title=\"\">\n\t\t\t\t\t<img fetchpriority=\"high\" decoding=\"async\" width=\"768\" height=\"576\" src=\"https:\/\/www.cgsotomat.com\/wp-content\/uploads\/2024\/03\/cgsotomat-laboratuvar-002-768x576.jpg\" class=\"elementor-animation-grow\" alt=\"\" srcset=\"https:\/\/www.cgsotomat.com\/wp-content\/uploads\/2024\/03\/cgsotomat-laboratuvar-002-768x576.jpg 768w, https:\/\/www.cgsotomat.com\/wp-content\/uploads\/2024\/03\/cgsotomat-laboratuvar-002-300x225.jpg 300w, https:\/\/www.cgsotomat.com\/wp-content\/uploads\/2024\/03\/cgsotomat-laboratuvar-002-1024x768.jpg 1024w, https:\/\/www.cgsotomat.com\/wp-content\/uploads\/2024\/03\/cgsotomat-laboratuvar-002-1536x1152.jpg 1536w, https:\/\/www.cgsotomat.com\/wp-content\/uploads\/2024\/03\/cgsotomat-laboratuvar-002.jpg 2048w\" sizes=\"(max-width: 768px) 100vw, 768px\" \/>\t\t\t\t<\/a>\n\t\t\t\t\t\t\t<a href=\"#\" data-mfp-src=\"https:\/\/www.cgsotomat.com\/wp-content\/uploads\/2024\/03\/cgsotomat-laboratuvar-001-1024x768.jpg\" class=\"ha-justified-grid__item ha-js-lightbox __fltr-1\" title=\"\">\n\t\t\t\t\t<img decoding=\"async\" width=\"768\" height=\"576\" src=\"https:\/\/www.cgsotomat.com\/wp-content\/uploads\/2024\/03\/cgsotomat-laboratuvar-001-768x576.jpg\" class=\"elementor-animation-grow\" alt=\"\" srcset=\"https:\/\/www.cgsotomat.com\/wp-content\/uploads\/2024\/03\/cgsotomat-laboratuvar-001-768x576.jpg 768w, https:\/\/www.cgsotomat.com\/wp-content\/uploads\/2024\/03\/cgsotomat-laboratuvar-001-300x225.jpg 300w, https:\/\/www.cgsotomat.com\/wp-content\/uploads\/2024\/03\/cgsotomat-laboratuvar-001-1024x768.jpg 1024w, https:\/\/www.cgsotomat.com\/wp-content\/uploads\/2024\/03\/cgsotomat-laboratuvar-001-1536x1152.jpg 1536w, https:\/\/www.cgsotomat.com\/wp-content\/uploads\/2024\/03\/cgsotomat-laboratuvar-001.jpg 2048w\" sizes=\"(max-width: 768px) 100vw, 768px\" \/>\t\t\t\t<\/a>\n\t\t\t\t\t\t\t<a href=\"#\" data-mfp-src=\"https:\/\/www.cgsotomat.com\/wp-content\/uploads\/2023\/02\/kutuphane1-1024x768.jpeg\" class=\"ha-justified-grid__item ha-js-lightbox __fltr-1\" title=\"\">\n\t\t\t\t\t<img decoding=\"async\" width=\"768\" height=\"576\" src=\"https:\/\/www.cgsotomat.com\/wp-content\/uploads\/2023\/02\/kutuphane1-768x576.jpeg\" class=\"elementor-animation-grow\" alt=\"\" srcset=\"https:\/\/www.cgsotomat.com\/wp-content\/uploads\/2023\/02\/kutuphane1-768x576.jpeg 768w, https:\/\/www.cgsotomat.com\/wp-content\/uploads\/2023\/02\/kutuphane1-300x225.jpeg 300w, https:\/\/www.cgsotomat.com\/wp-content\/uploads\/2023\/02\/kutuphane1-1024x768.jpeg 1024w, https:\/\/www.cgsotomat.com\/wp-content\/uploads\/2023\/02\/kutuphane1-1536x1152.jpeg 1536w, https:\/\/www.cgsotomat.com\/wp-content\/uploads\/2023\/02\/kutuphane1.jpeg 1600w\" sizes=\"(max-width: 768px) 100vw, 768px\" \/>\t\t\t\t<\/a>\n\t\t\t\t\t<\/div>\n\n\t\t\t\t\t\t<\/div>\n\t\t\t\t<\/div>\n\t\t\t\t\t<\/div>\n\t\t<\/div>\n\t\t\t\t\t<\/div>\n\t\t<\/section>\n\t\t\t\t<section class=\"elementor-section elementor-top-section elementor-element elementor-element-4538711 elementor-section-boxed elementor-section-height-default elementor-section-height-default wpr-particle-no wpr-jarallax-no wpr-parallax-no wpr-sticky-section-no\" data-id=\"4538711\" data-element_type=\"section\" data-settings=\"{&quot;_ha_eqh_enable&quot;:false}\">\n\t\t\t\t\t\t<div class=\"elementor-container elementor-column-gap-default\">\n\t\t\t\t\t<div class=\"elementor-column elementor-col-100 elementor-top-column elementor-element elementor-element-58400a8\" data-id=\"58400a8\" data-element_type=\"column\">\n\t\t\t<div class=\"elementor-widget-wrap elementor-element-populated\">\n\t\t\t\t\t\t<div class=\"elementor-element elementor-element-7a25d89 elementor-widget elementor-widget-text-editor\" data-id=\"7a25d89\" data-element_type=\"widget\" data-widget_type=\"text-editor.default\">\n\t\t\t\t<div class=\"elementor-widget-container\">\n\t\t\t\t\t\t\t\t\t<p>Otomotiv Yan Sanayine metal form verme ve birle\u015ftirme par\u00e7alar\u0131 \u00fcretimi konusunda hizmet veren fabrikam\u0131zda, m\u00fc\u015fteri odakl\u0131 \u00fcr\u00fcn kalitesinin \u00f6nem kazand\u0131\u011f\u0131 t\u00fcm \u00fcr\u00fcnler \u00fczerine yap\u0131lacak muayene, deney ve do\u011frulama faaliyetlerini\u00a0<strong>IATF 16949 &#8211; 7.1.5.3.1 \u0130\u00e7 Laboratuvar gereklilikleri<\/strong>\u00a0maddesi kapsam\u0131na uygun olarak Laboratuvar\u0131m\u0131zda ger\u00e7ekle\u015ftirmekteyiz.<\/p>\t\t\t\t\t\t\t\t<\/div>\n\t\t\t\t<\/div>\n\t\t\t\t\t<\/div>\n\t\t<\/div>\n\t\t\t\t\t<\/div>\n\t\t<\/section>\n\t\t\t\t<section class=\"elementor-section elementor-top-section elementor-element elementor-element-6c7753a elementor-section-boxed elementor-section-height-default elementor-section-height-default wpr-particle-no wpr-jarallax-no wpr-parallax-no wpr-sticky-section-no\" data-id=\"6c7753a\" data-element_type=\"section\" data-settings=\"{&quot;_ha_eqh_enable&quot;:false}\">\n\t\t\t\t\t\t<div class=\"elementor-container elementor-column-gap-default\">\n\t\t\t\t\t<div class=\"elementor-column elementor-col-100 elementor-top-column elementor-element elementor-element-dcdf479\" data-id=\"dcdf479\" data-element_type=\"column\">\n\t\t\t<div class=\"elementor-widget-wrap elementor-element-populated\">\n\t\t\t\t\t\t<div class=\"elementor-element elementor-element-2c57576 elementor-widget elementor-widget-text-editor\" data-id=\"2c57576\" data-element_type=\"widget\" data-widget_type=\"text-editor.default\">\n\t\t\t\t<div class=\"elementor-widget-container\">\n\t\t\t\t\t\t\t\t\t\u00d6l\u00e7\u00fcm Cihazlar\u0131\t\t\t\t\t\t\t\t<\/div>\n\t\t\t\t<\/div>\n\t\t\t\t<div class=\"elementor-element elementor-element-e40aa19 ha-image-grid--even elementor-widget elementor-widget-ha-image-grid happy-addon ha-image-grid\" data-id=\"e40aa19\" data-element_type=\"widget\" data-settings=\"{&quot;layout&quot;:&quot;even&quot;,&quot;enable_popup&quot;:&quot;yes&quot;}\" data-widget_type=\"ha-image-grid.default\">\n\t\t\t\t<div class=\"elementor-widget-container\">\n\t\t\t\t\t\n\t\t<div class=\"ha-image-grid__wrap hajs-isotope ha-lightbox--has\">\n\t\t\t\t\t\t\t\n\t\t\t\t<a href=\"#\" data-mfp-src=\"https:\/\/www.cgsotomat.com\/wp-content\/uploads\/2024\/03\/cgsotomat-laboratuvar-003.jpg\" class=\"ha-image-grid__item ha-js-lightbox __fltr-1\">\n\t\t\t\t\t<img loading=\"lazy\" decoding=\"async\" width=\"768\" height=\"768\" src=\"https:\/\/www.cgsotomat.com\/wp-content\/uploads\/2024\/03\/cgsotomat-laboratuvar-003-768x768.jpg\" class=\"elementor-animation-bob\" alt=\"\" srcset=\"https:\/\/www.cgsotomat.com\/wp-content\/uploads\/2024\/03\/cgsotomat-laboratuvar-003-768x768.jpg 768w, https:\/\/www.cgsotomat.com\/wp-content\/uploads\/2024\/03\/cgsotomat-laboratuvar-003-300x300.jpg 300w, https:\/\/www.cgsotomat.com\/wp-content\/uploads\/2024\/03\/cgsotomat-laboratuvar-003-150x150.jpg 150w, https:\/\/www.cgsotomat.com\/wp-content\/uploads\/2024\/03\/cgsotomat-laboratuvar-003.jpg 1000w\" sizes=\"(max-width: 768px) 100vw, 768px\" \/>\t\t\t\t<\/a>\n\t\t\t\t\t\t\t\n\t\t\t\t<a href=\"#\" data-mfp-src=\"https:\/\/www.cgsotomat.com\/wp-content\/uploads\/2023\/02\/lab1.jpeg\" class=\"ha-image-grid__item ha-js-lightbox __fltr-1\">\n\t\t\t\t\t<img loading=\"lazy\" decoding=\"async\" width=\"400\" height=\"300\" src=\"https:\/\/www.cgsotomat.com\/wp-content\/uploads\/2023\/02\/lab1.jpeg\" class=\"elementor-animation-bob\" alt=\"\" srcset=\"https:\/\/www.cgsotomat.com\/wp-content\/uploads\/2023\/02\/lab1.jpeg 400w, https:\/\/www.cgsotomat.com\/wp-content\/uploads\/2023\/02\/lab1-300x225.jpeg 300w\" sizes=\"(max-width: 400px) 100vw, 400px\" \/>\t\t\t\t<\/a>\n\t\t\t\t\t\t\t\n\t\t\t\t<a href=\"#\" data-mfp-src=\"https:\/\/www.cgsotomat.com\/wp-content\/uploads\/2023\/02\/lab2.jpeg\" class=\"ha-image-grid__item ha-js-lightbox __fltr-1\">\n\t\t\t\t\t<img loading=\"lazy\" decoding=\"async\" width=\"400\" height=\"303\" src=\"https:\/\/www.cgsotomat.com\/wp-content\/uploads\/2023\/02\/lab2.jpeg\" class=\"elementor-animation-bob\" alt=\"\" srcset=\"https:\/\/www.cgsotomat.com\/wp-content\/uploads\/2023\/02\/lab2.jpeg 400w, https:\/\/www.cgsotomat.com\/wp-content\/uploads\/2023\/02\/lab2-300x227.jpeg 300w\" sizes=\"(max-width: 400px) 100vw, 400px\" \/>\t\t\t\t<\/a>\n\t\t\t\t\t\t\t\n\t\t\t\t<a href=\"#\" data-mfp-src=\"https:\/\/www.cgsotomat.com\/wp-content\/uploads\/2023\/02\/SX45-stereo-zoom-microscope.png\" class=\"ha-image-grid__item ha-js-lightbox __fltr-1\">\n\t\t\t\t\t<img loading=\"lazy\" decoding=\"async\" width=\"400\" height=\"436\" src=\"https:\/\/www.cgsotomat.com\/wp-content\/uploads\/2023\/02\/SX45-stereo-zoom-microscope.png\" class=\"elementor-animation-bob\" alt=\"\" srcset=\"https:\/\/www.cgsotomat.com\/wp-content\/uploads\/2023\/02\/SX45-stereo-zoom-microscope.png 400w, https:\/\/www.cgsotomat.com\/wp-content\/uploads\/2023\/02\/SX45-stereo-zoom-microscope-275x300.png 275w\" sizes=\"(max-width: 400px) 100vw, 400px\" \/>\t\t\t\t<\/a>\n\t\t\t\t\t\t\t\n\t\t\t\t<a href=\"#\" data-mfp-src=\"https:\/\/www.cgsotomat.com\/wp-content\/uploads\/2023\/02\/csm_Micromar-40_EWR-4157011-BI-inch-NA.tif_0cf3be57cf.png\" class=\"ha-image-grid__item ha-js-lightbox __fltr-1\">\n\t\t\t\t\t<img loading=\"lazy\" decoding=\"async\" width=\"400\" height=\"325\" src=\"https:\/\/www.cgsotomat.com\/wp-content\/uploads\/2023\/02\/csm_Micromar-40_EWR-4157011-BI-inch-NA.tif_0cf3be57cf.png\" class=\"elementor-animation-bob\" alt=\"\" srcset=\"https:\/\/www.cgsotomat.com\/wp-content\/uploads\/2023\/02\/csm_Micromar-40_EWR-4157011-BI-inch-NA.tif_0cf3be57cf.png 400w, https:\/\/www.cgsotomat.com\/wp-content\/uploads\/2023\/02\/csm_Micromar-40_EWR-4157011-BI-inch-NA.tif_0cf3be57cf-300x244.png 300w\" sizes=\"(max-width: 400px) 100vw, 400px\" \/>\t\t\t\t<\/a>\n\t\t\t\t\t\t\t\n\t\t\t\t<a href=\"#\" data-mfp-src=\"https:\/\/www.cgsotomat.com\/wp-content\/uploads\/2023\/02\/csm_MarStand-820_N-4430000-BI-NA-BGspot-grey.tif_341c76d26a.png\" class=\"ha-image-grid__item ha-js-lightbox __fltr-1\">\n\t\t\t\t\t<img loading=\"lazy\" decoding=\"async\" width=\"400\" height=\"381\" src=\"https:\/\/www.cgsotomat.com\/wp-content\/uploads\/2023\/02\/csm_MarStand-820_N-4430000-BI-NA-BGspot-grey.tif_341c76d26a.png\" class=\"elementor-animation-bob\" alt=\"\" srcset=\"https:\/\/www.cgsotomat.com\/wp-content\/uploads\/2023\/02\/csm_MarStand-820_N-4430000-BI-NA-BGspot-grey.tif_341c76d26a.png 400w, https:\/\/www.cgsotomat.com\/wp-content\/uploads\/2023\/02\/csm_MarStand-820_N-4430000-BI-NA-BGspot-grey.tif_341c76d26a-300x286.png 300w\" sizes=\"(max-width: 400px) 100vw, 400px\" \/>\t\t\t\t<\/a>\n\t\t\t\t\t\t\t\n\t\t\t\t<a href=\"#\" data-mfp-src=\"https:\/\/www.cgsotomat.com\/wp-content\/uploads\/2023\/02\/csm_MarCal-16_EWRi-4103400-BI-rund-NA-BGgrey.tif_81395282e1.png\" class=\"ha-image-grid__item ha-js-lightbox __fltr-1\">\n\t\t\t\t\t<img loading=\"lazy\" decoding=\"async\" width=\"400\" height=\"300\" src=\"https:\/\/www.cgsotomat.com\/wp-content\/uploads\/2023\/02\/csm_MarCal-16_EWRi-4103400-BI-rund-NA-BGgrey.tif_81395282e1.png\" class=\"elementor-animation-bob\" alt=\"\" srcset=\"https:\/\/www.cgsotomat.com\/wp-content\/uploads\/2023\/02\/csm_MarCal-16_EWRi-4103400-BI-rund-NA-BGgrey.tif_81395282e1.png 400w, https:\/\/www.cgsotomat.com\/wp-content\/uploads\/2023\/02\/csm_MarCal-16_EWRi-4103400-BI-rund-NA-BGgrey.tif_81395282e1-300x225.png 300w\" sizes=\"(max-width: 400px) 100vw, 400px\" \/>\t\t\t\t<\/a>\n\t\t\t\t\t\t\t\n\t\t\t\t<a href=\"#\" data-mfp-src=\"https:\/\/www.cgsotomat.com\/wp-content\/uploads\/2023\/02\/37.jpg\" class=\"ha-image-grid__item ha-js-lightbox __fltr-1\">\n\t\t\t\t\t<img loading=\"lazy\" decoding=\"async\" width=\"400\" height=\"532\" src=\"https:\/\/www.cgsotomat.com\/wp-content\/uploads\/2023\/02\/37.jpg\" class=\"elementor-animation-bob\" alt=\"\" srcset=\"https:\/\/www.cgsotomat.com\/wp-content\/uploads\/2023\/02\/37.jpg 400w, https:\/\/www.cgsotomat.com\/wp-content\/uploads\/2023\/02\/37-226x300.jpg 226w\" sizes=\"(max-width: 400px) 100vw, 400px\" \/>\t\t\t\t<\/a>\n\t\t\t\t\t<\/div>\n\n\t\t\t\t\t\t<\/div>\n\t\t\t\t<\/div>\n\t\t\t\t\t<\/div>\n\t\t<\/div>\n\t\t\t\t\t<\/div>\n\t\t<\/section>\n\t\t\t\t<\/div>\n\t\t","protected":false},"excerpt":{"rendered":"<p>\u00d6l\u00e7\u00fcm Laboratuvar\u0131 Otomotiv Yan Sanayine metal form verme ve birle\u015ftirme par\u00e7alar\u0131 \u00fcretimi konusunda hizmet veren fabrikam\u0131zda, m\u00fc\u015fteri odakl\u0131 \u00fcr\u00fcn kalitesinin \u00f6nem kazand\u0131\u011f\u0131 t\u00fcm \u00fcr\u00fcnler \u00fczerine&hellip;<\/p>\n","protected":false},"author":1,"featured_media":0,"parent":0,"menu_order":0,"comment_status":"closed","ping_status":"closed","template":"","meta":{"om_disable_all_campaigns":false,"_monsterinsights_skip_tracking":false,"_monsterinsights_sitenote_active":false,"_monsterinsights_sitenote_note":"","_monsterinsights_sitenote_category":0,"footnotes":""},"class_list":["post-76","page","type-page","status-publish","hentry"],"aioseo_notices":[],"_links":{"self":[{"href":"https:\/\/www.cgsotomat.com\/de\/wp-json\/wp\/v2\/pages\/76","targetHints":{"allow":["GET"]}}],"collection":[{"href":"https:\/\/www.cgsotomat.com\/de\/wp-json\/wp\/v2\/pages"}],"about":[{"href":"https:\/\/www.cgsotomat.com\/de\/wp-json\/wp\/v2\/types\/page"}],"author":[{"embeddable":true,"href":"https:\/\/www.cgsotomat.com\/de\/wp-json\/wp\/v2\/users\/1"}],"replies":[{"embeddable":true,"href":"https:\/\/www.cgsotomat.com\/de\/wp-json\/wp\/v2\/comments?post=76"}],"version-history":[{"count":22,"href":"https:\/\/www.cgsotomat.com\/de\/wp-json\/wp\/v2\/pages\/76\/revisions"}],"predecessor-version":[{"id":1000,"href":"https:\/\/www.cgsotomat.com\/de\/wp-json\/wp\/v2\/pages\/76\/revisions\/1000"}],"wp:attachment":[{"href":"https:\/\/www.cgsotomat.com\/de\/wp-json\/wp\/v2\/media?parent=76"}],"curies":[{"name":"wp","href":"https:\/\/api.w.org\/{rel}","templated":true}]}}