{"id":787,"date":"2023-03-05T23:31:05","date_gmt":"2023-03-05T20:31:05","guid":{"rendered":"https:\/\/www.cgsotomat.com\/eng\/?page_id=787"},"modified":"2023-03-05T23:46:32","modified_gmt":"2023-03-05T20:46:32","slug":"about-us","status":"publish","type":"page","link":"https:\/\/www.cgsotomat.com\/de\/about-us\/","title":{"rendered":"About Us"},"content":{"rendered":"\t\t<div data-elementor-type=\"wp-page\" data-elementor-id=\"787\" class=\"elementor elementor-787\" data-elementor-settings=\"{&quot;ha_cmc_init_switcher&quot;:&quot;no&quot;}\">\n\t\t\t\t\t\t<section class=\"elementor-section elementor-top-section elementor-element elementor-element-4de48c39 elementor-section-boxed elementor-section-height-default elementor-section-height-default wpr-particle-no wpr-jarallax-no wpr-parallax-no wpr-sticky-section-no\" data-id=\"4de48c39\" data-element_type=\"section\" data-settings=\"{&quot;_ha_eqh_enable&quot;:false}\">\n\t\t\t\t\t\t<div class=\"elementor-container elementor-column-gap-default\">\n\t\t\t\t\t<div class=\"elementor-column elementor-col-50 elementor-top-column elementor-element elementor-element-100b493f elementor-invisible\" data-id=\"100b493f\" data-element_type=\"column\" data-settings=\"{&quot;animation&quot;:&quot;fadeIn&quot;}\">\n\t\t\t<div class=\"elementor-widget-wrap elementor-element-populated\">\n\t\t\t\t\t\t<div class=\"elementor-element elementor-element-07674bf elementor-widget elementor-widget-text-editor\" data-id=\"07674bf\" data-element_type=\"widget\" data-widget_type=\"text-editor.default\">\n\t\t\t\t<div class=\"elementor-widget-container\">\n\t\t\t\t\t\t\t\t\t<strong>C.G.S. OTOMAT\u00a0<\/strong>\t\t\t\t\t\t\t\t<\/div>\n\t\t\t\t<\/div>\n\t\t\t\t<div class=\"elementor-element elementor-element-591c7a44 elementor-widget elementor-widget-text-editor\" data-id=\"591c7a44\" data-element_type=\"widget\" data-widget_type=\"text-editor.default\">\n\t\t\t\t<div class=\"elementor-widget-container\">\n\t\t\t\t\t\t\t\t\t<p>Our company has been providing services to the automotive sub-industry and the sliding head lathe machining sector as a whole since 2000. We aim to be worthy of your trust at every stage of the service and to be the leading company in the sector that meets customer demands in an exceeding and timely manner. Therefore, our company, which cares about customer requests and expectations before and after sales, offers our technical knowledge and equipment to your service in order to create and perpetuate the appropriate conditions for providing all kinds of orders with quality and reasonable prices.<\/p><p>The parts we produce are mainly used in the products of leading companies in the automotive and white goods sector such as Mercedes, BMW, Volkswagen, Bosch, Valeo, Delphi, Nobel Otomativ, Kale Oto Radyat\u00f6r, Beko-Ar\u00e7elik.<\/p><p><strong>C.G.S. OTOMAT<\/strong> aims to provide products and services to its customers with higher standards with the values it has.<br \/>Providing service with the most up-to-date machine park as much as possible at all times,<br \/>Consistent pricing policy,<br \/>Business processes developed for zero errors and delivery process,<br \/>Fast communication based on trust with customers.<\/p><p><strong>SERVICES<\/strong><br \/>&#8211; Automotive Spare Parts<br \/>&#8211; Manufacture of Casting Apparatuses (Casting flap, Bushings, Anchor Pin, Spring Plunger , etc.)<br \/>&#8211; Manufacturing of Hydraulic Industry Parts<br \/>&#8211; Manufacturing of Heating and Installation Industry Parts <br \/>&#8211; Custom and General Manufacture of Nuts and Bolts<br \/>\u2013 All Machining Products<\/p>\t\t\t\t\t\t\t\t<\/div>\n\t\t\t\t<\/div>\n\t\t\t\t\t<\/div>\n\t\t<\/div>\n\t\t\t\t<div class=\"elementor-column elementor-col-50 elementor-top-column elementor-element elementor-element-4399269 elementor-invisible\" data-id=\"4399269\" data-element_type=\"column\" data-settings=\"{&quot;animation&quot;:&quot;fadeInRight&quot;}\">\n\t\t\t<div class=\"elementor-widget-wrap elementor-element-populated\">\n\t\t\t\t\t\t<div class=\"elementor-element elementor-element-450549f elementor-widget elementor-widget-ha-justified-gallery happy-addon ha-justified-gallery\" data-id=\"450549f\" data-element_type=\"widget\" data-settings=\"{&quot;row_height&quot;:{&quot;unit&quot;:&quot;px&quot;,&quot;size&quot;:116,&quot;sizes&quot;:[]},&quot;margins&quot;:{&quot;unit&quot;:&quot;px&quot;,&quot;size&quot;:5,&quot;sizes&quot;:[]},&quot;last_row&quot;:&quot;justify&quot;,&quot;enable_popup&quot;:&quot;yes&quot;}\" data-widget_type=\"ha-justified-gallery.default\">\n\t\t\t\t<div class=\"elementor-widget-container\">\n\t\t\t\t\t\n\t\t<div class=\"ha-justified-grid__wrap hajs-justified-grid\">\n\t\t\t\t\t\t\t<a href=\"#\" data-mfp-src=\"https:\/\/www.cgsotomat.com\/wp-content\/uploads\/2023\/02\/IMG_8984-1024x768-1.png\" class=\"ha-justified-grid__item ha-js-lightbox __fltr-1\" title=\"\">\n\t\t\t\t\t<img fetchpriority=\"high\" decoding=\"async\" width=\"300\" height=\"225\" src=\"https:\/\/www.cgsotomat.com\/wp-content\/uploads\/2023\/02\/IMG_8984-1024x768-1-300x225.png\" class=\"elementor-animation-grow\" alt=\"\" srcset=\"https:\/\/www.cgsotomat.com\/wp-content\/uploads\/2023\/02\/IMG_8984-1024x768-1-300x225.png 300w, https:\/\/www.cgsotomat.com\/wp-content\/uploads\/2023\/02\/IMG_8984-1024x768-1-768x576.png 768w, https:\/\/www.cgsotomat.com\/wp-content\/uploads\/2023\/02\/IMG_8984-1024x768-1.png 1024w\" sizes=\"(max-width: 300px) 100vw, 300px\" \/>\t\t\t\t<\/a>\n\t\t\t\t\t\t\t<a href=\"#\" data-mfp-src=\"https:\/\/www.cgsotomat.com\/wp-content\/uploads\/2023\/02\/IMG_9063-1024x620-1.png\" class=\"ha-justified-grid__item ha-js-lightbox __fltr-1\" title=\"\">\n\t\t\t\t\t<img decoding=\"async\" width=\"300\" height=\"182\" src=\"https:\/\/www.cgsotomat.com\/wp-content\/uploads\/2023\/02\/IMG_9063-1024x620-1-300x182.png\" class=\"elementor-animation-grow\" alt=\"\" srcset=\"https:\/\/www.cgsotomat.com\/wp-content\/uploads\/2023\/02\/IMG_9063-1024x620-1-300x182.png 300w, https:\/\/www.cgsotomat.com\/wp-content\/uploads\/2023\/02\/IMG_9063-1024x620-1-768x465.png 768w, https:\/\/www.cgsotomat.com\/wp-content\/uploads\/2023\/02\/IMG_9063-1024x620-1.png 1024w\" sizes=\"(max-width: 300px) 100vw, 300px\" \/>\t\t\t\t<\/a>\n\t\t\t\t\t\t\t<a href=\"#\" data-mfp-src=\"https:\/\/www.cgsotomat.com\/wp-content\/uploads\/2023\/02\/1024x595.png\" class=\"ha-justified-grid__item ha-js-lightbox __fltr-1\" title=\"\">\n\t\t\t\t\t<img decoding=\"async\" width=\"300\" height=\"174\" src=\"https:\/\/www.cgsotomat.com\/wp-content\/uploads\/2023\/02\/1024x595-300x174.png\" class=\"elementor-animation-grow\" alt=\"\" srcset=\"https:\/\/www.cgsotomat.com\/wp-content\/uploads\/2023\/02\/1024x595-300x174.png 300w, https:\/\/www.cgsotomat.com\/wp-content\/uploads\/2023\/02\/1024x595-768x446.png 768w, https:\/\/www.cgsotomat.com\/wp-content\/uploads\/2023\/02\/1024x595.png 1024w\" sizes=\"(max-width: 300px) 100vw, 300px\" \/>\t\t\t\t<\/a>\n\t\t\t\t\t\t\t<a href=\"#\" data-mfp-src=\"https:\/\/www.cgsotomat.com\/wp-content\/uploads\/2023\/02\/IMG_8957-1024x768-1.png\" class=\"ha-justified-grid__item ha-js-lightbox __fltr-1\" title=\"\">\n\t\t\t\t\t<img loading=\"lazy\" decoding=\"async\" width=\"300\" height=\"225\" src=\"https:\/\/www.cgsotomat.com\/wp-content\/uploads\/2023\/02\/IMG_8957-1024x768-1-300x225.png\" class=\"elementor-animation-grow\" alt=\"\" srcset=\"https:\/\/www.cgsotomat.com\/wp-content\/uploads\/2023\/02\/IMG_8957-1024x768-1-300x225.png 300w, https:\/\/www.cgsotomat.com\/wp-content\/uploads\/2023\/02\/IMG_8957-1024x768-1-768x576.png 768w, https:\/\/www.cgsotomat.com\/wp-content\/uploads\/2023\/02\/IMG_8957-1024x768-1.png 1024w\" sizes=\"(max-width: 300px) 100vw, 300px\" \/>\t\t\t\t<\/a>\n\t\t\t\t\t\t\t<a href=\"#\" data-mfp-src=\"https:\/\/www.cgsotomat.com\/wp-content\/uploads\/2023\/02\/IMG_8960-1024x768-1.png\" class=\"ha-justified-grid__item ha-js-lightbox __fltr-1\" title=\"\">\n\t\t\t\t\t<img loading=\"lazy\" decoding=\"async\" width=\"300\" height=\"225\" src=\"https:\/\/www.cgsotomat.com\/wp-content\/uploads\/2023\/02\/IMG_8960-1024x768-1-300x225.png\" class=\"elementor-animation-grow\" alt=\"\" srcset=\"https:\/\/www.cgsotomat.com\/wp-content\/uploads\/2023\/02\/IMG_8960-1024x768-1-300x225.png 300w, https:\/\/www.cgsotomat.com\/wp-content\/uploads\/2023\/02\/IMG_8960-1024x768-1-768x576.png 768w, https:\/\/www.cgsotomat.com\/wp-content\/uploads\/2023\/02\/IMG_8960-1024x768-1.png 1024w\" sizes=\"(max-width: 300px) 100vw, 300px\" \/>\t\t\t\t<\/a>\n\t\t\t\t\t\t\t<a href=\"#\" data-mfp-src=\"https:\/\/www.cgsotomat.com\/wp-content\/uploads\/2023\/02\/IMG_8963-1024x768-1.png\" class=\"ha-justified-grid__item ha-js-lightbox __fltr-1\" title=\"\">\n\t\t\t\t\t<img loading=\"lazy\" decoding=\"async\" width=\"300\" height=\"225\" src=\"https:\/\/www.cgsotomat.com\/wp-content\/uploads\/2023\/02\/IMG_8963-1024x768-1-300x225.png\" class=\"elementor-animation-grow\" alt=\"\" srcset=\"https:\/\/www.cgsotomat.com\/wp-content\/uploads\/2023\/02\/IMG_8963-1024x768-1-300x225.png 300w, https:\/\/www.cgsotomat.com\/wp-content\/uploads\/2023\/02\/IMG_8963-1024x768-1-768x576.png 768w, https:\/\/www.cgsotomat.com\/wp-content\/uploads\/2023\/02\/IMG_8963-1024x768-1.png 1024w\" sizes=\"(max-width: 300px) 100vw, 300px\" \/>\t\t\t\t<\/a>\n\t\t\t\t\t<\/div>\n\n\t\t\t\t\t\t<\/div>\n\t\t\t\t<\/div>\n\t\t\t\t\t<\/div>\n\t\t<\/div>\n\t\t\t\t\t<\/div>\n\t\t<\/section>\n\t\t\t\t<\/div>\n\t\t","protected":false},"excerpt":{"rendered":"<p>C.G.S. OTOMAT\u00a0 Firmam\u0131z 2000 y\u0131l\u0131ndan bu yana otomotiv yan sanayi ve bir b\u00fct\u00fcn olarak kayar otomat tala\u015fl\u0131 imalat sekt\u00f6r\u00fcne hizmet sunmaktad\u0131r. Hizmetin her safhas\u0131nda g\u00fcveninize&hellip;<\/p>\n","protected":false},"author":1,"featured_media":0,"parent":0,"menu_order":0,"comment_status":"closed","ping_status":"closed","template":"","meta":{"om_disable_all_campaigns":false,"_monsterinsights_skip_tracking":false,"_monsterinsights_sitenote_active":false,"_monsterinsights_sitenote_note":"","_monsterinsights_sitenote_category":0,"footnotes":""},"class_list":["post-787","page","type-page","status-publish","hentry"],"aioseo_notices":[],"_links":{"self":[{"href":"https:\/\/www.cgsotomat.com\/de\/wp-json\/wp\/v2\/pages\/787","targetHints":{"allow":["GET"]}}],"collection":[{"href":"https:\/\/www.cgsotomat.com\/de\/wp-json\/wp\/v2\/pages"}],"about":[{"href":"https:\/\/www.cgsotomat.com\/de\/wp-json\/wp\/v2\/types\/page"}],"author":[{"embeddable":true,"href":"https:\/\/www.cgsotomat.com\/de\/wp-json\/wp\/v2\/users\/1"}],"replies":[{"embeddable":true,"href":"https:\/\/www.cgsotomat.com\/de\/wp-json\/wp\/v2\/comments?post=787"}],"version-history":[{"count":8,"href":"https:\/\/www.cgsotomat.com\/de\/wp-json\/wp\/v2\/pages\/787\/revisions"}],"predecessor-version":[{"id":798,"href":"https:\/\/www.cgsotomat.com\/de\/wp-json\/wp\/v2\/pages\/787\/revisions\/798"}],"wp:attachment":[{"href":"https:\/\/www.cgsotomat.com\/de\/wp-json\/wp\/v2\/media?parent=787"}],"curies":[{"name":"wp","href":"https:\/\/api.w.org\/{rel}","templated":true}]}}