{"id":79,"date":"2023-02-12T02:57:43","date_gmt":"2023-02-11T23:57:43","guid":{"rendered":"https:\/\/www.cgsotomat.com\/?page_id=79"},"modified":"2023-02-21T14:04:52","modified_gmt":"2023-02-21T11:04:52","slug":"makine-parkuru","status":"publish","type":"page","link":"https:\/\/www.cgsotomat.com\/de\/makine-parkuru\/","title":{"rendered":"Makine Parkuru"},"content":{"rendered":"\t\t<div data-elementor-type=\"wp-page\" data-elementor-id=\"79\" class=\"elementor elementor-79\" data-elementor-settings=\"{&quot;ha_cmc_init_switcher&quot;:&quot;no&quot;}\">\n\t\t\t\t\t\t<section class=\"elementor-section elementor-top-section elementor-element elementor-element-22a3174 elementor-section-boxed elementor-section-height-default elementor-section-height-default wpr-particle-no wpr-jarallax-no wpr-parallax-no wpr-sticky-section-no\" data-id=\"22a3174\" data-element_type=\"section\" data-settings=\"{&quot;_ha_eqh_enable&quot;:false}\">\n\t\t\t\t\t\t<div class=\"elementor-container elementor-column-gap-default\">\n\t\t\t\t\t<div class=\"elementor-column elementor-col-50 elementor-top-column elementor-element elementor-element-e324053\" data-id=\"e324053\" data-element_type=\"column\">\n\t\t\t<div class=\"elementor-widget-wrap elementor-element-populated\">\n\t\t\t\t\t\t<div class=\"elementor-element elementor-element-9d94714 elementor-widget elementor-widget-text-editor\" data-id=\"9d94714\" data-element_type=\"widget\" data-widget_type=\"text-editor.default\">\n\t\t\t\t<div class=\"elementor-widget-container\">\n\t\t\t\t\t\t\t\t\tMakine Parkuru\t\t\t\t\t\t\t\t<\/div>\n\t\t\t\t<\/div>\n\t\t\t\t\t<\/div>\n\t\t<\/div>\n\t\t\t\t<div class=\"elementor-column elementor-col-50 elementor-top-column elementor-element elementor-element-e3f8bc8\" data-id=\"e3f8bc8\" data-element_type=\"column\">\n\t\t\t<div class=\"elementor-widget-wrap\">\n\t\t\t\t\t\t\t<\/div>\n\t\t<\/div>\n\t\t\t\t\t<\/div>\n\t\t<\/section>\n\t\t\t\t<section class=\"elementor-section elementor-top-section elementor-element elementor-element-7f5616b elementor-section-boxed elementor-section-height-default elementor-section-height-default wpr-particle-no wpr-jarallax-no wpr-parallax-no wpr-sticky-section-no\" data-id=\"7f5616b\" data-element_type=\"section\" data-settings=\"{&quot;_ha_eqh_enable&quot;:false}\">\n\t\t\t\t\t\t<div class=\"elementor-container elementor-column-gap-default\">\n\t\t\t\t\t<div class=\"elementor-column elementor-col-100 elementor-top-column elementor-element elementor-element-eca9630\" data-id=\"eca9630\" data-element_type=\"column\">\n\t\t\t<div class=\"elementor-widget-wrap elementor-element-populated\">\n\t\t\t\t\t\t<div class=\"elementor-element elementor-element-b535774 elementor-widget elementor-widget-text-editor\" data-id=\"b535774\" data-element_type=\"widget\" data-widget_type=\"text-editor.default\">\n\t\t\t\t<div class=\"elementor-widget-container\">\n\t\t\t\t\t\t\t\t\t<p>Kuruldu\u011fumuz g\u00fcnden bu yana teknolojinin yeniliklerini takip ederek gerekli t\u00fcm makine parkuru yat\u0131r\u0131mlar\u0131n\u0131 ger\u00e7ekle\u015ftiren firmam\u0131z, deneyimli kadrosuyla en do\u011fru ve en ekonomik \u00e7\u00f6z\u00fcmler bulmay\u0131, kal\u0131c\u0131 m\u00fc\u015fteri memnuniyeti sa\u011flamay\u0131 ama\u00e7 edinerek profesyonel kadrosuyla siz de\u011ferli dostlar\u0131m\u0131za hizmet vermeye devam etmektedir.<\/p>\t\t\t\t\t\t\t\t<\/div>\n\t\t\t\t<\/div>\n\t\t\t\t\t<\/div>\n\t\t<\/div>\n\t\t\t\t\t<\/div>\n\t\t<\/section>\n\t\t\t\t<section class=\"elementor-section elementor-top-section elementor-element elementor-element-1769247 elementor-section-boxed elementor-section-height-default elementor-section-height-default wpr-particle-no wpr-jarallax-no wpr-parallax-no wpr-sticky-section-no\" data-id=\"1769247\" data-element_type=\"section\" data-settings=\"{&quot;_ha_eqh_enable&quot;:false}\">\n\t\t\t\t\t\t<div class=\"elementor-container elementor-column-gap-default\">\n\t\t\t\t\t<div class=\"elementor-column elementor-col-50 elementor-top-column elementor-element elementor-element-b953bd8\" data-id=\"b953bd8\" data-element_type=\"column\" data-settings=\"{&quot;background_background&quot;:&quot;classic&quot;}\">\n\t\t\t<div class=\"elementor-widget-wrap elementor-element-populated\">\n\t\t\t\t\t\t<div class=\"elementor-element elementor-element-fb30ad2 elementor-widget elementor-widget-text-editor\" data-id=\"fb30ad2\" data-element_type=\"widget\" data-widget_type=\"text-editor.default\">\n\t\t\t\t<div class=\"elementor-widget-container\">\n\t\t\t\t\t\t\t\t\t<p>5 Adet CNC Kayar Otomat: 4-32 mm i\u015fleme kapasiteli;<\/p><p>-CNC Kayar Otomat 32 mm 8 Eksen (<strong>HANWHA)<\/strong><br \/>-CNC Kayar Otomat 26 mm 8 Eksen (<strong>HANWHA)<\/strong><br \/>-CNC Kayar Otomat 26 mm 7 Eksen (<strong>HANWHA)<\/strong><br \/>-CNC Kayar Otomat 22 mm 7 Eksen (<strong>STAR)<\/strong><br \/>-CNC Kayar Otomat 20 mm 7 Eksen (<strong>NEXTURN)<\/strong><\/p>\t\t\t\t\t\t\t\t<\/div>\n\t\t\t\t<\/div>\n\t\t\t\t\t<\/div>\n\t\t<\/div>\n\t\t\t\t<div class=\"elementor-column elementor-col-50 elementor-top-column elementor-element elementor-element-a270011\" data-id=\"a270011\" data-element_type=\"column\" data-settings=\"{&quot;background_background&quot;:&quot;classic&quot;}\">\n\t\t\t<div class=\"elementor-widget-wrap elementor-element-populated\">\n\t\t\t\t\t<div class=\"elementor-background-overlay\"><\/div>\n\t\t\t\t\t\t<div class=\"elementor-element elementor-element-822db75 elementor-widget elementor-widget-text-editor\" data-id=\"822db75\" data-element_type=\"widget\" data-widget_type=\"text-editor.default\">\n\t\t\t\t<div class=\"elementor-widget-container\">\n\t\t\t\t\t\t\t\t\t<p>4 Adet CNC Torna: 4-52mm i\u015fleme kapasiteli;<\/p><p>-CNC Torna 6&#8243; GANG Tipi C ve Y Eksenli<br \/>-CNC Torna 6&#8243; <strong>(TAKISAWA)<\/strong><br \/>-CNC Torna 8&#8243; <strong>(TAKISAWA)<\/strong><br \/>-CNC Torna 8&#8243; <strong>(KAR\u015eI AYNALI)<\/strong><\/p>\t\t\t\t\t\t\t\t<\/div>\n\t\t\t\t<\/div>\n\t\t\t\t\t<\/div>\n\t\t<\/div>\n\t\t\t\t\t<\/div>\n\t\t<\/section>\n\t\t\t\t<section class=\"elementor-section elementor-top-section elementor-element elementor-element-e3067c9 elementor-section-boxed elementor-section-height-default elementor-section-height-default wpr-particle-no wpr-jarallax-no wpr-parallax-no wpr-sticky-section-no\" data-id=\"e3067c9\" data-element_type=\"section\" data-settings=\"{&quot;_ha_eqh_enable&quot;:false}\">\n\t\t\t\t\t\t<div class=\"elementor-container elementor-column-gap-default\">\n\t\t\t\t\t<div class=\"elementor-column elementor-col-100 elementor-top-column elementor-element elementor-element-830662b\" data-id=\"830662b\" data-element_type=\"column\">\n\t\t\t<div class=\"elementor-widget-wrap elementor-element-populated\">\n\t\t\t\t\t\t<div class=\"elementor-element elementor-element-ba53983 elementor-widget elementor-widget-ha-justified-gallery happy-addon ha-justified-gallery\" data-id=\"ba53983\" data-element_type=\"widget\" data-settings=\"{&quot;row_height&quot;:{&quot;unit&quot;:&quot;px&quot;,&quot;size&quot;:90,&quot;sizes&quot;:[]},&quot;margins&quot;:{&quot;unit&quot;:&quot;px&quot;,&quot;size&quot;:5,&quot;sizes&quot;:[]},&quot;last_row&quot;:&quot;justify&quot;,&quot;enable_popup&quot;:&quot;yes&quot;}\" data-widget_type=\"ha-justified-gallery.default\">\n\t\t\t\t<div class=\"elementor-widget-container\">\n\t\t\t\t\t\n\t\t<div class=\"ha-justified-grid__wrap hajs-justified-grid\">\n\t\t\t\t\t\t\t<a href=\"#\" data-mfp-src=\"https:\/\/www.cgsotomat.com\/wp-content\/uploads\/2023\/02\/IMG_8979-1024x768-1.png\" class=\"ha-justified-grid__item ha-js-lightbox __fltr-1\" title=\"\">\n\t\t\t\t\t<img fetchpriority=\"high\" decoding=\"async\" width=\"768\" height=\"576\" src=\"https:\/\/www.cgsotomat.com\/wp-content\/uploads\/2023\/02\/IMG_8979-1024x768-1-768x576.png\" class=\"elementor-animation-grow\" alt=\"\" srcset=\"https:\/\/www.cgsotomat.com\/wp-content\/uploads\/2023\/02\/IMG_8979-1024x768-1-768x576.png 768w, https:\/\/www.cgsotomat.com\/wp-content\/uploads\/2023\/02\/IMG_8979-1024x768-1-300x225.png 300w, https:\/\/www.cgsotomat.com\/wp-content\/uploads\/2023\/02\/IMG_8979-1024x768-1.png 1024w\" sizes=\"(max-width: 768px) 100vw, 768px\" \/>\t\t\t\t<\/a>\n\t\t\t\t\t\t\t<a href=\"#\" data-mfp-src=\"https:\/\/www.cgsotomat.com\/wp-content\/uploads\/2023\/02\/IMG_8963-1024x768-1.png\" class=\"ha-justified-grid__item ha-js-lightbox __fltr-1\" title=\"\">\n\t\t\t\t\t<img decoding=\"async\" width=\"768\" height=\"576\" src=\"https:\/\/www.cgsotomat.com\/wp-content\/uploads\/2023\/02\/IMG_8963-1024x768-1-768x576.png\" class=\"elementor-animation-grow\" alt=\"\" srcset=\"https:\/\/www.cgsotomat.com\/wp-content\/uploads\/2023\/02\/IMG_8963-1024x768-1-768x576.png 768w, https:\/\/www.cgsotomat.com\/wp-content\/uploads\/2023\/02\/IMG_8963-1024x768-1-300x225.png 300w, https:\/\/www.cgsotomat.com\/wp-content\/uploads\/2023\/02\/IMG_8963-1024x768-1.png 1024w\" sizes=\"(max-width: 768px) 100vw, 768px\" \/>\t\t\t\t<\/a>\n\t\t\t\t\t\t\t<a href=\"#\" data-mfp-src=\"https:\/\/www.cgsotomat.com\/wp-content\/uploads\/2023\/02\/IMG_8960-1024x768-1.png\" class=\"ha-justified-grid__item ha-js-lightbox __fltr-1\" title=\"\">\n\t\t\t\t\t<img decoding=\"async\" width=\"768\" height=\"576\" src=\"https:\/\/www.cgsotomat.com\/wp-content\/uploads\/2023\/02\/IMG_8960-1024x768-1-768x576.png\" class=\"elementor-animation-grow\" alt=\"\" srcset=\"https:\/\/www.cgsotomat.com\/wp-content\/uploads\/2023\/02\/IMG_8960-1024x768-1-768x576.png 768w, https:\/\/www.cgsotomat.com\/wp-content\/uploads\/2023\/02\/IMG_8960-1024x768-1-300x225.png 300w, https:\/\/www.cgsotomat.com\/wp-content\/uploads\/2023\/02\/IMG_8960-1024x768-1.png 1024w\" sizes=\"(max-width: 768px) 100vw, 768px\" \/>\t\t\t\t<\/a>\n\t\t\t\t\t\t\t<a href=\"#\" data-mfp-src=\"https:\/\/www.cgsotomat.com\/wp-content\/uploads\/2023\/02\/IMG_8957-1024x768-1.png\" class=\"ha-justified-grid__item ha-js-lightbox __fltr-1\" title=\"\">\n\t\t\t\t\t<img loading=\"lazy\" decoding=\"async\" width=\"768\" height=\"576\" src=\"https:\/\/www.cgsotomat.com\/wp-content\/uploads\/2023\/02\/IMG_8957-1024x768-1-768x576.png\" class=\"elementor-animation-grow\" alt=\"\" srcset=\"https:\/\/www.cgsotomat.com\/wp-content\/uploads\/2023\/02\/IMG_8957-1024x768-1-768x576.png 768w, https:\/\/www.cgsotomat.com\/wp-content\/uploads\/2023\/02\/IMG_8957-1024x768-1-300x225.png 300w, https:\/\/www.cgsotomat.com\/wp-content\/uploads\/2023\/02\/IMG_8957-1024x768-1.png 1024w\" sizes=\"(max-width: 768px) 100vw, 768px\" \/>\t\t\t\t<\/a>\n\t\t\t\t\t\t\t<a href=\"#\" data-mfp-src=\"https:\/\/www.cgsotomat.com\/wp-content\/uploads\/2023\/02\/1024x595.png\" class=\"ha-justified-grid__item ha-js-lightbox __fltr-1\" title=\"\">\n\t\t\t\t\t<img loading=\"lazy\" decoding=\"async\" width=\"768\" height=\"446\" src=\"https:\/\/www.cgsotomat.com\/wp-content\/uploads\/2023\/02\/1024x595-768x446.png\" class=\"elementor-animation-grow\" alt=\"\" srcset=\"https:\/\/www.cgsotomat.com\/wp-content\/uploads\/2023\/02\/1024x595-768x446.png 768w, https:\/\/www.cgsotomat.com\/wp-content\/uploads\/2023\/02\/1024x595-300x174.png 300w, https:\/\/www.cgsotomat.com\/wp-content\/uploads\/2023\/02\/1024x595.png 1024w\" sizes=\"(max-width: 768px) 100vw, 768px\" \/>\t\t\t\t<\/a>\n\t\t\t\t\t\t\t<a href=\"#\" data-mfp-src=\"https:\/\/www.cgsotomat.com\/wp-content\/uploads\/2023\/02\/IMG_9063-1024x620-1.png\" class=\"ha-justified-grid__item ha-js-lightbox __fltr-1\" title=\"\">\n\t\t\t\t\t<img loading=\"lazy\" decoding=\"async\" width=\"768\" height=\"465\" src=\"https:\/\/www.cgsotomat.com\/wp-content\/uploads\/2023\/02\/IMG_9063-1024x620-1-768x465.png\" class=\"elementor-animation-grow\" alt=\"\" srcset=\"https:\/\/www.cgsotomat.com\/wp-content\/uploads\/2023\/02\/IMG_9063-1024x620-1-768x465.png 768w, https:\/\/www.cgsotomat.com\/wp-content\/uploads\/2023\/02\/IMG_9063-1024x620-1-300x182.png 300w, https:\/\/www.cgsotomat.com\/wp-content\/uploads\/2023\/02\/IMG_9063-1024x620-1.png 1024w\" sizes=\"(max-width: 768px) 100vw, 768px\" \/>\t\t\t\t<\/a>\n\t\t\t\t\t\t\t<a href=\"#\" data-mfp-src=\"https:\/\/www.cgsotomat.com\/wp-content\/uploads\/2023\/02\/IMG_8984-1024x768-1.png\" class=\"ha-justified-grid__item ha-js-lightbox __fltr-1\" title=\"\">\n\t\t\t\t\t<img loading=\"lazy\" decoding=\"async\" width=\"768\" height=\"576\" src=\"https:\/\/www.cgsotomat.com\/wp-content\/uploads\/2023\/02\/IMG_8984-1024x768-1-768x576.png\" class=\"elementor-animation-grow\" alt=\"\" srcset=\"https:\/\/www.cgsotomat.com\/wp-content\/uploads\/2023\/02\/IMG_8984-1024x768-1-768x576.png 768w, https:\/\/www.cgsotomat.com\/wp-content\/uploads\/2023\/02\/IMG_8984-1024x768-1-300x225.png 300w, https:\/\/www.cgsotomat.com\/wp-content\/uploads\/2023\/02\/IMG_8984-1024x768-1.png 1024w\" sizes=\"(max-width: 768px) 100vw, 768px\" \/>\t\t\t\t<\/a>\n\t\t\t\t\t<\/div>\n\n\t\t\t\t\t\t<\/div>\n\t\t\t\t<\/div>\n\t\t\t\t\t<\/div>\n\t\t<\/div>\n\t\t\t\t\t<\/div>\n\t\t<\/section>\n\t\t\t\t<section class=\"elementor-section elementor-top-section elementor-element elementor-element-ce7dfa2 elementor-section-boxed elementor-section-height-default elementor-section-height-default wpr-particle-no wpr-jarallax-no wpr-parallax-no wpr-sticky-section-no\" data-id=\"ce7dfa2\" data-element_type=\"section\" data-settings=\"{&quot;_ha_eqh_enable&quot;:false}\">\n\t\t\t\t\t\t<div class=\"elementor-container elementor-column-gap-default\">\n\t\t\t\t\t<div class=\"elementor-column elementor-col-50 elementor-top-column elementor-element elementor-element-9e53588\" data-id=\"9e53588\" data-element_type=\"column\">\n\t\t\t<div class=\"elementor-widget-wrap elementor-element-populated\">\n\t\t\t\t\t\t<div class=\"elementor-element elementor-element-be57ac6 elementor-widget elementor-widget-text-editor\" data-id=\"be57ac6\" data-element_type=\"widget\" data-widget_type=\"text-editor.default\">\n\t\t\t\t<div class=\"elementor-widget-container\">\n\t\t\t\t\t\t\t\t\t<p><strong>-T\u0130RYAK\u0130 S\u00fctunlu Matkap<\/strong><br \/><strong>-S\u00fctunlu Di\u015f \u00c7ekme Matkab\u0131<\/strong><br \/><strong>-Revolver<\/strong><\/p>\t\t\t\t\t\t\t\t<\/div>\n\t\t\t\t<\/div>\n\t\t\t\t\t<\/div>\n\t\t<\/div>\n\t\t\t\t<div class=\"elementor-column elementor-col-50 elementor-top-column elementor-element elementor-element-ea84cdd\" data-id=\"ea84cdd\" data-element_type=\"column\">\n\t\t\t<div class=\"elementor-widget-wrap\">\n\t\t\t\t\t\t\t<\/div>\n\t\t<\/div>\n\t\t\t\t\t<\/div>\n\t\t<\/section>\n\t\t\t\t<\/div>\n\t\t","protected":false},"excerpt":{"rendered":"<p>Makine Parkuru Kuruldu\u011fumuz g\u00fcnden bu yana teknolojinin yeniliklerini takip ederek gerekli t\u00fcm makine parkuru yat\u0131r\u0131mlar\u0131n\u0131 ger\u00e7ekle\u015ftiren firmam\u0131z, deneyimli kadrosuyla en do\u011fru ve en ekonomik \u00e7\u00f6z\u00fcmler&hellip;<\/p>\n","protected":false},"author":1,"featured_media":0,"parent":0,"menu_order":0,"comment_status":"closed","ping_status":"closed","template":"","meta":{"om_disable_all_campaigns":false,"_monsterinsights_skip_tracking":false,"_monsterinsights_sitenote_active":false,"_monsterinsights_sitenote_note":"","_monsterinsights_sitenote_category":0,"footnotes":""},"class_list":["post-79","page","type-page","status-publish","hentry"],"aioseo_notices":[],"_links":{"self":[{"href":"https:\/\/www.cgsotomat.com\/de\/wp-json\/wp\/v2\/pages\/79","targetHints":{"allow":["GET"]}}],"collection":[{"href":"https:\/\/www.cgsotomat.com\/de\/wp-json\/wp\/v2\/pages"}],"about":[{"href":"https:\/\/www.cgsotomat.com\/de\/wp-json\/wp\/v2\/types\/page"}],"author":[{"embeddable":true,"href":"https:\/\/www.cgsotomat.com\/de\/wp-json\/wp\/v2\/users\/1"}],"replies":[{"embeddable":true,"href":"https:\/\/www.cgsotomat.com\/de\/wp-json\/wp\/v2\/comments?post=79"}],"version-history":[{"count":35,"href":"https:\/\/www.cgsotomat.com\/de\/wp-json\/wp\/v2\/pages\/79\/revisions"}],"predecessor-version":[{"id":522,"href":"https:\/\/www.cgsotomat.com\/de\/wp-json\/wp\/v2\/pages\/79\/revisions\/522"}],"wp:attachment":[{"href":"https:\/\/www.cgsotomat.com\/de\/wp-json\/wp\/v2\/media?parent=79"}],"curies":[{"name":"wp","href":"https:\/\/api.w.org\/{rel}","templated":true}]}}