{"id":890,"date":"2023-03-10T10:28:56","date_gmt":"2023-03-10T07:28:56","guid":{"rendered":"https:\/\/www.cgsotomat.com\/?page_id=890"},"modified":"2023-03-10T10:35:23","modified_gmt":"2023-03-10T07:35:23","slug":"uber-uns","status":"publish","type":"page","link":"https:\/\/www.cgsotomat.com\/de\/uber-uns\/","title":{"rendered":"\u00dcBER UNS"},"content":{"rendered":"\t\t<div data-elementor-type=\"wp-page\" data-elementor-id=\"890\" class=\"elementor elementor-890\" data-elementor-settings=\"{&quot;ha_cmc_init_switcher&quot;:&quot;no&quot;}\">\n\t\t\t\t\t\t<section class=\"elementor-section elementor-top-section elementor-element elementor-element-4de48c39 elementor-section-boxed elementor-section-height-default elementor-section-height-default wpr-particle-no wpr-jarallax-no wpr-parallax-no wpr-sticky-section-no\" data-id=\"4de48c39\" data-element_type=\"section\" data-settings=\"{&quot;_ha_eqh_enable&quot;:false}\">\n\t\t\t\t\t\t<div class=\"elementor-container elementor-column-gap-default\">\n\t\t\t\t\t<div class=\"elementor-column elementor-col-50 elementor-top-column elementor-element elementor-element-100b493f elementor-invisible\" data-id=\"100b493f\" data-element_type=\"column\" data-settings=\"{&quot;animation&quot;:&quot;fadeIn&quot;}\">\n\t\t\t<div class=\"elementor-widget-wrap elementor-element-populated\">\n\t\t\t\t\t\t<div class=\"elementor-element elementor-element-07674bf elementor-widget elementor-widget-text-editor\" data-id=\"07674bf\" data-element_type=\"widget\" data-widget_type=\"text-editor.default\">\n\t\t\t\t<div class=\"elementor-widget-container\">\n\t\t\t\t\t\t\t\t\t<strong>C.G.S. OTOMAT\u00a0<\/strong>\t\t\t\t\t\t\t\t<\/div>\n\t\t\t\t<\/div>\n\t\t\t\t<div class=\"elementor-element elementor-element-591c7a44 elementor-widget elementor-widget-text-editor\" data-id=\"591c7a44\" data-element_type=\"widget\" data-widget_type=\"text-editor.default\">\n\t\t\t\t<div class=\"elementor-widget-container\">\n\t\t\t\t\t\t\t\t\t<p>Unser Unternehmen bedient seit dem Jahr 2000 mit seinen vollautomatisierten Drehmaschine u.a die Automotivebranche Unser Ziel war es, Ihr Vertrauen in jeder Phase der Dienstleistung zu verdienen und das f\u00fchrende Unternehmen der Branche zu sein, das die Kundenanforderungen zeitnah erf\u00fcllt. Daher bietet unser Unternehmen, das sich vor und nach dem Verkauf um Kundenw\u00fcnsche und -erwartungen k\u00fcmmert, unser technisches Wissen und unsere Ausr\u00fcstung zu Ihren Diensten, um die geeigneten Bedingungen f\u00fcr die Bereitstellung aller Arten von Auftr\u00e4gen mit Qualit\u00e4t und angemessenen Preisen zu schaffen und aufrechtzuerhalten.<\/p><p>Die Teile, die wir produzieren; Es wird haupts\u00e4chlich in den Produkten f\u00fchrender Unternehmen der Automobil- und Haushaltsger\u00e4tebranche wie Mercedes, BMW, Volkswagen, Bosch, Valeo, Delphi, Nobel Automotive, Kale Oto Radiator, Beko-Ar\u00e7elik verwendet.<\/p><p><strong>C.G.S. Otomat<\/strong> zielt darauf ab, seinen Kunden mit seinen Werten h\u00f6here Standards bei Produkten und Dienstleistungen zu bieten. Service mit m\u00f6glichst modernstem Maschinenpark, konsequente Preispolitik, auf Null-Fehler und Lieferprozess ausgelegte Gesch\u00e4ftsprozesse, schnelle und vertrauensvolle Kommunikation mit den Kunden.<span style=\"font-family: var( --e-global-typography-text-font-family ), Sans-serif; font-weight: var( --e-global-typography-text-font-weight );\">\u00a0<\/span><\/p><p><strong>UNSERE DIENSTLEISTUNGEN<\/strong><\/p><p><span style=\"font-family: var( --e-global-typography-text-font-family ), Sans-serif; font-weight: var( --e-global-typography-text-font-weight );\">\u2013 Herstellung von Kfz-Ersatzteile\u00a0<\/span><br \/>\u2013 Herstellung von Formvorrichtungen (Werkzeugs\u00e4ulen, Buchsen, Stifte, Feder usw.)<br \/>\u2013 Herstellung von Teilen f\u00fcr die Hydraulikindustrie<br \/>\u2013 Herstellung von Teilen f\u00fcr die W\u00e4rme- und Sanit\u00e4rindustrie<br \/>\u2013 Herstellung von Spezial- und allgemeinen Schrauben und Muttern \u2013 Alle Bearbeitungsprodukte<\/p>\t\t\t\t\t\t\t\t<\/div>\n\t\t\t\t<\/div>\n\t\t\t\t\t<\/div>\n\t\t<\/div>\n\t\t\t\t<div class=\"elementor-column elementor-col-50 elementor-top-column elementor-element elementor-element-4399269 elementor-invisible\" data-id=\"4399269\" data-element_type=\"column\" data-settings=\"{&quot;animation&quot;:&quot;fadeInRight&quot;}\">\n\t\t\t<div class=\"elementor-widget-wrap elementor-element-populated\">\n\t\t\t\t\t\t<div class=\"elementor-element elementor-element-450549f elementor-widget elementor-widget-ha-justified-gallery happy-addon ha-justified-gallery\" data-id=\"450549f\" data-element_type=\"widget\" data-settings=\"{&quot;row_height&quot;:{&quot;unit&quot;:&quot;px&quot;,&quot;size&quot;:116,&quot;sizes&quot;:[]},&quot;margins&quot;:{&quot;unit&quot;:&quot;px&quot;,&quot;size&quot;:5,&quot;sizes&quot;:[]},&quot;last_row&quot;:&quot;justify&quot;,&quot;enable_popup&quot;:&quot;yes&quot;}\" data-widget_type=\"ha-justified-gallery.default\">\n\t\t\t\t<div class=\"elementor-widget-container\">\n\t\t\t\t\t\n\t\t<div class=\"ha-justified-grid__wrap hajs-justified-grid\">\n\t\t\t\t\t\t\t<a href=\"#\" data-mfp-src=\"https:\/\/www.cgsotomat.com\/wp-content\/uploads\/2023\/02\/IMG_8984-1024x768-1.png\" class=\"ha-justified-grid__item ha-js-lightbox __fltr-1\" title=\"\">\n\t\t\t\t\t<img fetchpriority=\"high\" decoding=\"async\" width=\"300\" height=\"225\" src=\"https:\/\/www.cgsotomat.com\/wp-content\/uploads\/2023\/02\/IMG_8984-1024x768-1-300x225.png\" class=\"elementor-animation-grow\" alt=\"\" srcset=\"https:\/\/www.cgsotomat.com\/wp-content\/uploads\/2023\/02\/IMG_8984-1024x768-1-300x225.png 300w, https:\/\/www.cgsotomat.com\/wp-content\/uploads\/2023\/02\/IMG_8984-1024x768-1-768x576.png 768w, https:\/\/www.cgsotomat.com\/wp-content\/uploads\/2023\/02\/IMG_8984-1024x768-1.png 1024w\" sizes=\"(max-width: 300px) 100vw, 300px\" \/>\t\t\t\t<\/a>\n\t\t\t\t\t\t\t<a href=\"#\" data-mfp-src=\"https:\/\/www.cgsotomat.com\/wp-content\/uploads\/2023\/02\/IMG_9063-1024x620-1.png\" class=\"ha-justified-grid__item ha-js-lightbox __fltr-1\" title=\"\">\n\t\t\t\t\t<img decoding=\"async\" width=\"300\" height=\"182\" src=\"https:\/\/www.cgsotomat.com\/wp-content\/uploads\/2023\/02\/IMG_9063-1024x620-1-300x182.png\" class=\"elementor-animation-grow\" alt=\"\" srcset=\"https:\/\/www.cgsotomat.com\/wp-content\/uploads\/2023\/02\/IMG_9063-1024x620-1-300x182.png 300w, https:\/\/www.cgsotomat.com\/wp-content\/uploads\/2023\/02\/IMG_9063-1024x620-1-768x465.png 768w, https:\/\/www.cgsotomat.com\/wp-content\/uploads\/2023\/02\/IMG_9063-1024x620-1.png 1024w\" sizes=\"(max-width: 300px) 100vw, 300px\" \/>\t\t\t\t<\/a>\n\t\t\t\t\t\t\t<a href=\"#\" data-mfp-src=\"https:\/\/www.cgsotomat.com\/wp-content\/uploads\/2023\/02\/1024x595.png\" class=\"ha-justified-grid__item ha-js-lightbox __fltr-1\" title=\"\">\n\t\t\t\t\t<img decoding=\"async\" width=\"300\" height=\"174\" src=\"https:\/\/www.cgsotomat.com\/wp-content\/uploads\/2023\/02\/1024x595-300x174.png\" class=\"elementor-animation-grow\" alt=\"\" srcset=\"https:\/\/www.cgsotomat.com\/wp-content\/uploads\/2023\/02\/1024x595-300x174.png 300w, https:\/\/www.cgsotomat.com\/wp-content\/uploads\/2023\/02\/1024x595-768x446.png 768w, https:\/\/www.cgsotomat.com\/wp-content\/uploads\/2023\/02\/1024x595.png 1024w\" sizes=\"(max-width: 300px) 100vw, 300px\" \/>\t\t\t\t<\/a>\n\t\t\t\t\t\t\t<a href=\"#\" data-mfp-src=\"https:\/\/www.cgsotomat.com\/wp-content\/uploads\/2023\/02\/IMG_8957-1024x768-1.png\" class=\"ha-justified-grid__item ha-js-lightbox __fltr-1\" title=\"\">\n\t\t\t\t\t<img loading=\"lazy\" decoding=\"async\" width=\"300\" height=\"225\" src=\"https:\/\/www.cgsotomat.com\/wp-content\/uploads\/2023\/02\/IMG_8957-1024x768-1-300x225.png\" class=\"elementor-animation-grow\" alt=\"\" srcset=\"https:\/\/www.cgsotomat.com\/wp-content\/uploads\/2023\/02\/IMG_8957-1024x768-1-300x225.png 300w, https:\/\/www.cgsotomat.com\/wp-content\/uploads\/2023\/02\/IMG_8957-1024x768-1-768x576.png 768w, https:\/\/www.cgsotomat.com\/wp-content\/uploads\/2023\/02\/IMG_8957-1024x768-1.png 1024w\" sizes=\"(max-width: 300px) 100vw, 300px\" \/>\t\t\t\t<\/a>\n\t\t\t\t\t\t\t<a href=\"#\" data-mfp-src=\"https:\/\/www.cgsotomat.com\/wp-content\/uploads\/2023\/02\/IMG_8960-1024x768-1.png\" class=\"ha-justified-grid__item ha-js-lightbox __fltr-1\" title=\"\">\n\t\t\t\t\t<img loading=\"lazy\" decoding=\"async\" width=\"300\" height=\"225\" src=\"https:\/\/www.cgsotomat.com\/wp-content\/uploads\/2023\/02\/IMG_8960-1024x768-1-300x225.png\" class=\"elementor-animation-grow\" alt=\"\" srcset=\"https:\/\/www.cgsotomat.com\/wp-content\/uploads\/2023\/02\/IMG_8960-1024x768-1-300x225.png 300w, https:\/\/www.cgsotomat.com\/wp-content\/uploads\/2023\/02\/IMG_8960-1024x768-1-768x576.png 768w, https:\/\/www.cgsotomat.com\/wp-content\/uploads\/2023\/02\/IMG_8960-1024x768-1.png 1024w\" sizes=\"(max-width: 300px) 100vw, 300px\" \/>\t\t\t\t<\/a>\n\t\t\t\t\t\t\t<a href=\"#\" data-mfp-src=\"https:\/\/www.cgsotomat.com\/wp-content\/uploads\/2023\/02\/IMG_8963-1024x768-1.png\" class=\"ha-justified-grid__item ha-js-lightbox __fltr-1\" title=\"\">\n\t\t\t\t\t<img loading=\"lazy\" decoding=\"async\" width=\"300\" height=\"225\" src=\"https:\/\/www.cgsotomat.com\/wp-content\/uploads\/2023\/02\/IMG_8963-1024x768-1-300x225.png\" class=\"elementor-animation-grow\" alt=\"\" srcset=\"https:\/\/www.cgsotomat.com\/wp-content\/uploads\/2023\/02\/IMG_8963-1024x768-1-300x225.png 300w, https:\/\/www.cgsotomat.com\/wp-content\/uploads\/2023\/02\/IMG_8963-1024x768-1-768x576.png 768w, https:\/\/www.cgsotomat.com\/wp-content\/uploads\/2023\/02\/IMG_8963-1024x768-1.png 1024w\" sizes=\"(max-width: 300px) 100vw, 300px\" \/>\t\t\t\t<\/a>\n\t\t\t\t\t<\/div>\n\n\t\t\t\t\t\t<\/div>\n\t\t\t\t<\/div>\n\t\t\t\t\t<\/div>\n\t\t<\/div>\n\t\t\t\t\t<\/div>\n\t\t<\/section>\n\t\t\t\t<\/div>\n\t\t","protected":false},"excerpt":{"rendered":"<p>C.G.S. OTOMAT\u00a0 Unser Unternehmen bedient seit dem Jahr 2000 mit seinen vollautomatisierten Drehmaschine u.a die Automotivebranche Unser Ziel war es, Ihr Vertrauen in jeder Phase&hellip;<\/p>\n","protected":false},"author":1,"featured_media":0,"parent":0,"menu_order":0,"comment_status":"closed","ping_status":"closed","template":"","meta":{"om_disable_all_campaigns":false,"_monsterinsights_skip_tracking":false,"_monsterinsights_sitenote_active":false,"_monsterinsights_sitenote_note":"","_monsterinsights_sitenote_category":0,"footnotes":""},"class_list":["post-890","page","type-page","status-publish","hentry"],"aioseo_notices":[],"_links":{"self":[{"href":"https:\/\/www.cgsotomat.com\/de\/wp-json\/wp\/v2\/pages\/890","targetHints":{"allow":["GET"]}}],"collection":[{"href":"https:\/\/www.cgsotomat.com\/de\/wp-json\/wp\/v2\/pages"}],"about":[{"href":"https:\/\/www.cgsotomat.com\/de\/wp-json\/wp\/v2\/types\/page"}],"author":[{"embeddable":true,"href":"https:\/\/www.cgsotomat.com\/de\/wp-json\/wp\/v2\/users\/1"}],"replies":[{"embeddable":true,"href":"https:\/\/www.cgsotomat.com\/de\/wp-json\/wp\/v2\/comments?post=890"}],"version-history":[{"count":4,"href":"https:\/\/www.cgsotomat.com\/de\/wp-json\/wp\/v2\/pages\/890\/revisions"}],"predecessor-version":[{"id":896,"href":"https:\/\/www.cgsotomat.com\/de\/wp-json\/wp\/v2\/pages\/890\/revisions\/896"}],"wp:attachment":[{"href":"https:\/\/www.cgsotomat.com\/de\/wp-json\/wp\/v2\/media?parent=890"}],"curies":[{"name":"wp","href":"https:\/\/api.w.org\/{rel}","templated":true}]}}