{"id":897,"date":"2023-03-10T10:40:00","date_gmt":"2023-03-10T07:40:00","guid":{"rendered":"https:\/\/www.cgsotomat.com\/?page_id=897"},"modified":"2023-04-05T12:16:24","modified_gmt":"2023-04-05T09:16:24","slug":"maschinenpark","status":"publish","type":"page","link":"https:\/\/www.cgsotomat.com\/de\/maschinenpark\/","title":{"rendered":"MASCHINENPARK"},"content":{"rendered":"\t\t<div data-elementor-type=\"wp-page\" data-elementor-id=\"897\" class=\"elementor elementor-897\" data-elementor-settings=\"{&quot;ha_cmc_init_switcher&quot;:&quot;no&quot;}\">\n\t\t\t\t\t\t<section class=\"elementor-section elementor-top-section elementor-element elementor-element-22a3174 elementor-section-boxed elementor-section-height-default elementor-section-height-default wpr-particle-no wpr-jarallax-no wpr-parallax-no wpr-sticky-section-no\" data-id=\"22a3174\" data-element_type=\"section\" data-settings=\"{&quot;_ha_eqh_enable&quot;:false}\">\n\t\t\t\t\t\t<div class=\"elementor-container elementor-column-gap-default\">\n\t\t\t\t\t<div class=\"elementor-column elementor-col-50 elementor-top-column elementor-element elementor-element-e324053\" data-id=\"e324053\" data-element_type=\"column\">\n\t\t\t<div class=\"elementor-widget-wrap elementor-element-populated\">\n\t\t\t\t\t\t<div class=\"elementor-element elementor-element-9d94714 elementor-widget elementor-widget-text-editor\" data-id=\"9d94714\" data-element_type=\"widget\" data-widget_type=\"text-editor.default\">\n\t\t\t\t<div class=\"elementor-widget-container\">\n\t\t\t\t\t\t\t\t\tMaschinenpark\t\t\t\t\t\t\t\t<\/div>\n\t\t\t\t<\/div>\n\t\t\t\t\t<\/div>\n\t\t<\/div>\n\t\t\t\t<div class=\"elementor-column elementor-col-50 elementor-top-column elementor-element elementor-element-e3f8bc8\" data-id=\"e3f8bc8\" data-element_type=\"column\">\n\t\t\t<div class=\"elementor-widget-wrap\">\n\t\t\t\t\t\t\t<\/div>\n\t\t<\/div>\n\t\t\t\t\t<\/div>\n\t\t<\/section>\n\t\t\t\t<section class=\"elementor-section elementor-top-section elementor-element elementor-element-7f5616b elementor-section-boxed elementor-section-height-default elementor-section-height-default wpr-particle-no wpr-jarallax-no wpr-parallax-no wpr-sticky-section-no\" data-id=\"7f5616b\" data-element_type=\"section\" data-settings=\"{&quot;_ha_eqh_enable&quot;:false}\">\n\t\t\t\t\t\t<div class=\"elementor-container elementor-column-gap-default\">\n\t\t\t\t\t<div class=\"elementor-column elementor-col-100 elementor-top-column elementor-element elementor-element-eca9630\" data-id=\"eca9630\" data-element_type=\"column\">\n\t\t\t<div class=\"elementor-widget-wrap elementor-element-populated\">\n\t\t\t\t\t\t<div class=\"elementor-element elementor-element-b535774 elementor-widget elementor-widget-text-editor\" data-id=\"b535774\" data-element_type=\"widget\" data-widget_type=\"text-editor.default\">\n\t\t\t\t<div class=\"elementor-widget-container\">\n\t\t\t\t\t\t\t\t\tUnser Unternehmen, das seit seiner Gr\u00fcndung alle notwendigen Investitionen in den Maschinenpark get\u00e4tigt hat, indem es den Innovationen der Technologie gefolgt ist, steht Ihnen, unseren gesch\u00e4tzten Freunden, weiterhin mit seinem professionellen Personal zur Verf\u00fcgung. Es wird darauf abzielt, die genauesten und wirtschaftlichsten L\u00f6sungen zu finden erfahrene Mitarbeiter und sorgen f\u00fcr dauerhafte Kundenzufriedenheit.\t\t\t\t\t\t\t\t<\/div>\n\t\t\t\t<\/div>\n\t\t\t\t\t<\/div>\n\t\t<\/div>\n\t\t\t\t\t<\/div>\n\t\t<\/section>\n\t\t\t\t<section class=\"elementor-section elementor-top-section elementor-element elementor-element-1769247 elementor-section-boxed elementor-section-height-default elementor-section-height-default wpr-particle-no wpr-jarallax-no wpr-parallax-no wpr-sticky-section-no\" data-id=\"1769247\" data-element_type=\"section\" data-settings=\"{&quot;_ha_eqh_enable&quot;:false}\">\n\t\t\t\t\t\t<div class=\"elementor-container elementor-column-gap-default\">\n\t\t\t\t\t<div class=\"elementor-column elementor-col-50 elementor-top-column elementor-element elementor-element-b953bd8\" data-id=\"b953bd8\" data-element_type=\"column\" data-settings=\"{&quot;background_background&quot;:&quot;classic&quot;}\">\n\t\t\t<div class=\"elementor-widget-wrap elementor-element-populated\">\n\t\t\t\t\t\t<div class=\"elementor-element elementor-element-fb30ad2 elementor-widget elementor-widget-text-editor\" data-id=\"fb30ad2\" data-element_type=\"widget\" data-widget_type=\"text-editor.default\">\n\t\t\t\t<div class=\"elementor-widget-container\">\n\t\t\t\t\t\t\t\t\t<p>5 Adet CNC Vollautomaten: 4-32 mm Durchmesser;<\/p><p>-CNC Vollautomat 32 mm 8 Achs <strong>(HANWHA)<\/strong><br \/>-CNC Vollautomat 26 mm 8 Achs <strong>(HANWHA)<\/strong><br \/>-CNC Vollautomat 26 mm 7 Achs <strong>(HANWHA)<\/strong><br \/>-CNC Vollautomat 22 mm 7 Achs <strong>(STAR)<\/strong><br \/>-CNC Vollautomat 20 mm 7 Achs <strong>(NEXTURN)<\/strong><\/p>\t\t\t\t\t\t\t\t<\/div>\n\t\t\t\t<\/div>\n\t\t\t\t\t<\/div>\n\t\t<\/div>\n\t\t\t\t<div class=\"elementor-column elementor-col-50 elementor-top-column elementor-element elementor-element-a270011\" data-id=\"a270011\" data-element_type=\"column\" data-settings=\"{&quot;background_background&quot;:&quot;classic&quot;}\">\n\t\t\t<div class=\"elementor-widget-wrap elementor-element-populated\">\n\t\t\t\t\t<div class=\"elementor-background-overlay\"><\/div>\n\t\t\t\t\t\t<div class=\"elementor-element elementor-element-822db75 elementor-widget elementor-widget-text-editor\" data-id=\"822db75\" data-element_type=\"widget\" data-widget_type=\"text-editor.default\">\n\t\t\t\t<div class=\"elementor-widget-container\">\n\t\t\t\t\t\t\t\t\t<p>4 Adet CNC Drehbank: 4-52mm Durchmesser;\u00a0<\/p><p>-CNC Drehbank 6\u2033 GANG Typ C &amp; Y Achse<br \/>-CNC Drehbank 6\u2033 <strong>(TAKISAWA)<\/strong><br \/>-CNC Drehbank 8\u2033 <strong>(TAKISAWA)<\/strong><br \/>-CNC Drehbank 8\u2033 <strong>(Gegenspindel)<\/strong><\/p>\t\t\t\t\t\t\t\t<\/div>\n\t\t\t\t<\/div>\n\t\t\t\t\t<\/div>\n\t\t<\/div>\n\t\t\t\t\t<\/div>\n\t\t<\/section>\n\t\t\t\t<section class=\"elementor-section elementor-top-section elementor-element elementor-element-e3067c9 elementor-section-boxed elementor-section-height-default elementor-section-height-default wpr-particle-no wpr-jarallax-no wpr-parallax-no wpr-sticky-section-no\" data-id=\"e3067c9\" data-element_type=\"section\" data-settings=\"{&quot;_ha_eqh_enable&quot;:false}\">\n\t\t\t\t\t\t<div class=\"elementor-container elementor-column-gap-default\">\n\t\t\t\t\t<div class=\"elementor-column elementor-col-100 elementor-top-column elementor-element elementor-element-830662b\" data-id=\"830662b\" data-element_type=\"column\">\n\t\t\t<div class=\"elementor-widget-wrap elementor-element-populated\">\n\t\t\t\t\t\t<div class=\"elementor-element elementor-element-ba53983 elementor-widget elementor-widget-ha-justified-gallery happy-addon ha-justified-gallery\" data-id=\"ba53983\" data-element_type=\"widget\" data-settings=\"{&quot;row_height&quot;:{&quot;unit&quot;:&quot;px&quot;,&quot;size&quot;:90,&quot;sizes&quot;:[]},&quot;margins&quot;:{&quot;unit&quot;:&quot;px&quot;,&quot;size&quot;:5,&quot;sizes&quot;:[]},&quot;last_row&quot;:&quot;justify&quot;,&quot;enable_popup&quot;:&quot;yes&quot;}\" data-widget_type=\"ha-justified-gallery.default\">\n\t\t\t\t<div class=\"elementor-widget-container\">\n\t\t\t\t\t\n\t\t<div class=\"ha-justified-grid__wrap hajs-justified-grid\">\n\t\t\t\t\t\t\t<a href=\"#\" data-mfp-src=\"https:\/\/www.cgsotomat.com\/wp-content\/uploads\/2023\/02\/IMG_8979-1024x768-1.png\" class=\"ha-justified-grid__item ha-js-lightbox __fltr-1\" title=\"\">\n\t\t\t\t\t<img fetchpriority=\"high\" decoding=\"async\" width=\"768\" height=\"576\" src=\"https:\/\/www.cgsotomat.com\/wp-content\/uploads\/2023\/02\/IMG_8979-1024x768-1-768x576.png\" class=\"elementor-animation-grow\" alt=\"\" srcset=\"https:\/\/www.cgsotomat.com\/wp-content\/uploads\/2023\/02\/IMG_8979-1024x768-1-768x576.png 768w, https:\/\/www.cgsotomat.com\/wp-content\/uploads\/2023\/02\/IMG_8979-1024x768-1-300x225.png 300w, https:\/\/www.cgsotomat.com\/wp-content\/uploads\/2023\/02\/IMG_8979-1024x768-1.png 1024w\" sizes=\"(max-width: 768px) 100vw, 768px\" \/>\t\t\t\t<\/a>\n\t\t\t\t\t\t\t<a href=\"#\" data-mfp-src=\"https:\/\/www.cgsotomat.com\/wp-content\/uploads\/2023\/02\/IMG_8963-1024x768-1.png\" class=\"ha-justified-grid__item ha-js-lightbox __fltr-1\" title=\"\">\n\t\t\t\t\t<img decoding=\"async\" width=\"768\" height=\"576\" src=\"https:\/\/www.cgsotomat.com\/wp-content\/uploads\/2023\/02\/IMG_8963-1024x768-1-768x576.png\" class=\"elementor-animation-grow\" alt=\"\" srcset=\"https:\/\/www.cgsotomat.com\/wp-content\/uploads\/2023\/02\/IMG_8963-1024x768-1-768x576.png 768w, https:\/\/www.cgsotomat.com\/wp-content\/uploads\/2023\/02\/IMG_8963-1024x768-1-300x225.png 300w, https:\/\/www.cgsotomat.com\/wp-content\/uploads\/2023\/02\/IMG_8963-1024x768-1.png 1024w\" sizes=\"(max-width: 768px) 100vw, 768px\" \/>\t\t\t\t<\/a>\n\t\t\t\t\t\t\t<a href=\"#\" data-mfp-src=\"https:\/\/www.cgsotomat.com\/wp-content\/uploads\/2023\/02\/IMG_8960-1024x768-1.png\" class=\"ha-justified-grid__item ha-js-lightbox __fltr-1\" title=\"\">\n\t\t\t\t\t<img decoding=\"async\" width=\"768\" height=\"576\" src=\"https:\/\/www.cgsotomat.com\/wp-content\/uploads\/2023\/02\/IMG_8960-1024x768-1-768x576.png\" class=\"elementor-animation-grow\" alt=\"\" srcset=\"https:\/\/www.cgsotomat.com\/wp-content\/uploads\/2023\/02\/IMG_8960-1024x768-1-768x576.png 768w, https:\/\/www.cgsotomat.com\/wp-content\/uploads\/2023\/02\/IMG_8960-1024x768-1-300x225.png 300w, https:\/\/www.cgsotomat.com\/wp-content\/uploads\/2023\/02\/IMG_8960-1024x768-1.png 1024w\" sizes=\"(max-width: 768px) 100vw, 768px\" \/>\t\t\t\t<\/a>\n\t\t\t\t\t\t\t<a href=\"#\" data-mfp-src=\"https:\/\/www.cgsotomat.com\/wp-content\/uploads\/2023\/02\/IMG_8957-1024x768-1.png\" class=\"ha-justified-grid__item ha-js-lightbox __fltr-1\" title=\"\">\n\t\t\t\t\t<img loading=\"lazy\" decoding=\"async\" width=\"768\" height=\"576\" src=\"https:\/\/www.cgsotomat.com\/wp-content\/uploads\/2023\/02\/IMG_8957-1024x768-1-768x576.png\" class=\"elementor-animation-grow\" alt=\"\" srcset=\"https:\/\/www.cgsotomat.com\/wp-content\/uploads\/2023\/02\/IMG_8957-1024x768-1-768x576.png 768w, https:\/\/www.cgsotomat.com\/wp-content\/uploads\/2023\/02\/IMG_8957-1024x768-1-300x225.png 300w, https:\/\/www.cgsotomat.com\/wp-content\/uploads\/2023\/02\/IMG_8957-1024x768-1.png 1024w\" sizes=\"(max-width: 768px) 100vw, 768px\" \/>\t\t\t\t<\/a>\n\t\t\t\t\t\t\t<a href=\"#\" data-mfp-src=\"https:\/\/www.cgsotomat.com\/wp-content\/uploads\/2023\/02\/1024x595.png\" class=\"ha-justified-grid__item ha-js-lightbox __fltr-1\" title=\"\">\n\t\t\t\t\t<img loading=\"lazy\" decoding=\"async\" width=\"768\" height=\"446\" src=\"https:\/\/www.cgsotomat.com\/wp-content\/uploads\/2023\/02\/1024x595-768x446.png\" class=\"elementor-animation-grow\" alt=\"\" srcset=\"https:\/\/www.cgsotomat.com\/wp-content\/uploads\/2023\/02\/1024x595-768x446.png 768w, https:\/\/www.cgsotomat.com\/wp-content\/uploads\/2023\/02\/1024x595-300x174.png 300w, https:\/\/www.cgsotomat.com\/wp-content\/uploads\/2023\/02\/1024x595.png 1024w\" sizes=\"(max-width: 768px) 100vw, 768px\" \/>\t\t\t\t<\/a>\n\t\t\t\t\t\t\t<a href=\"#\" data-mfp-src=\"https:\/\/www.cgsotomat.com\/wp-content\/uploads\/2023\/02\/IMG_9063-1024x620-1.png\" class=\"ha-justified-grid__item ha-js-lightbox __fltr-1\" title=\"\">\n\t\t\t\t\t<img loading=\"lazy\" decoding=\"async\" width=\"768\" height=\"465\" src=\"https:\/\/www.cgsotomat.com\/wp-content\/uploads\/2023\/02\/IMG_9063-1024x620-1-768x465.png\" class=\"elementor-animation-grow\" alt=\"\" srcset=\"https:\/\/www.cgsotomat.com\/wp-content\/uploads\/2023\/02\/IMG_9063-1024x620-1-768x465.png 768w, https:\/\/www.cgsotomat.com\/wp-content\/uploads\/2023\/02\/IMG_9063-1024x620-1-300x182.png 300w, https:\/\/www.cgsotomat.com\/wp-content\/uploads\/2023\/02\/IMG_9063-1024x620-1.png 1024w\" sizes=\"(max-width: 768px) 100vw, 768px\" \/>\t\t\t\t<\/a>\n\t\t\t\t\t\t\t<a href=\"#\" data-mfp-src=\"https:\/\/www.cgsotomat.com\/wp-content\/uploads\/2023\/02\/IMG_8984-1024x768-1.png\" class=\"ha-justified-grid__item ha-js-lightbox __fltr-1\" title=\"\">\n\t\t\t\t\t<img loading=\"lazy\" decoding=\"async\" width=\"768\" height=\"576\" src=\"https:\/\/www.cgsotomat.com\/wp-content\/uploads\/2023\/02\/IMG_8984-1024x768-1-768x576.png\" class=\"elementor-animation-grow\" alt=\"\" srcset=\"https:\/\/www.cgsotomat.com\/wp-content\/uploads\/2023\/02\/IMG_8984-1024x768-1-768x576.png 768w, https:\/\/www.cgsotomat.com\/wp-content\/uploads\/2023\/02\/IMG_8984-1024x768-1-300x225.png 300w, https:\/\/www.cgsotomat.com\/wp-content\/uploads\/2023\/02\/IMG_8984-1024x768-1.png 1024w\" sizes=\"(max-width: 768px) 100vw, 768px\" \/>\t\t\t\t<\/a>\n\t\t\t\t\t<\/div>\n\n\t\t\t\t\t\t<\/div>\n\t\t\t\t<\/div>\n\t\t\t\t\t<\/div>\n\t\t<\/div>\n\t\t\t\t\t<\/div>\n\t\t<\/section>\n\t\t\t\t<section class=\"elementor-section elementor-top-section elementor-element elementor-element-ce7dfa2 elementor-section-boxed elementor-section-height-default elementor-section-height-default wpr-particle-no wpr-jarallax-no wpr-parallax-no wpr-sticky-section-no\" data-id=\"ce7dfa2\" data-element_type=\"section\" data-settings=\"{&quot;_ha_eqh_enable&quot;:false}\">\n\t\t\t\t\t\t<div class=\"elementor-container elementor-column-gap-default\">\n\t\t\t\t\t<div class=\"elementor-column elementor-col-50 elementor-top-column elementor-element elementor-element-9e53588\" data-id=\"9e53588\" data-element_type=\"column\">\n\t\t\t<div class=\"elementor-widget-wrap elementor-element-populated\">\n\t\t\t\t\t\t<div class=\"elementor-element elementor-element-be57ac6 elementor-widget elementor-widget-text-editor\" data-id=\"be57ac6\" data-element_type=\"widget\" data-widget_type=\"text-editor.default\">\n\t\t\t\t<div class=\"elementor-widget-container\">\n\t\t\t\t\t\t\t\t\t<p><strong>-TIRYAK\u0130 S\u00e4ulenbohrmaschinen<\/strong><br \/><strong>-S\u00e4ulen Gewindebohrer<\/strong><br \/><strong>-Revolver<\/strong><\/p>\t\t\t\t\t\t\t\t<\/div>\n\t\t\t\t<\/div>\n\t\t\t\t\t<\/div>\n\t\t<\/div>\n\t\t\t\t<div class=\"elementor-column elementor-col-50 elementor-top-column elementor-element elementor-element-ea84cdd\" data-id=\"ea84cdd\" data-element_type=\"column\">\n\t\t\t<div class=\"elementor-widget-wrap\">\n\t\t\t\t\t\t\t<\/div>\n\t\t<\/div>\n\t\t\t\t\t<\/div>\n\t\t<\/section>\n\t\t\t\t<\/div>\n\t\t","protected":false},"excerpt":{"rendered":"<p>MaschinenparkUnser Unternehmen, das seit seiner Gr\u00fcndung alle notwendigen Investitionen in den Maschinenpark get\u00e4tigt hat, indem es den Innovationen der Technologie gefolgt ist, steht Ihnen, unseren&hellip;<\/p>\n","protected":false},"author":1,"featured_media":0,"parent":0,"menu_order":0,"comment_status":"closed","ping_status":"closed","template":"","meta":{"om_disable_all_campaigns":false,"_monsterinsights_skip_tracking":false,"_monsterinsights_sitenote_active":false,"_monsterinsights_sitenote_note":"","_monsterinsights_sitenote_category":0,"footnotes":""},"class_list":["post-897","page","type-page","status-publish","hentry"],"aioseo_notices":[],"_links":{"self":[{"href":"https:\/\/www.cgsotomat.com\/de\/wp-json\/wp\/v2\/pages\/897","targetHints":{"allow":["GET"]}}],"collection":[{"href":"https:\/\/www.cgsotomat.com\/de\/wp-json\/wp\/v2\/pages"}],"about":[{"href":"https:\/\/www.cgsotomat.com\/de\/wp-json\/wp\/v2\/types\/page"}],"author":[{"embeddable":true,"href":"https:\/\/www.cgsotomat.com\/de\/wp-json\/wp\/v2\/users\/1"}],"replies":[{"embeddable":true,"href":"https:\/\/www.cgsotomat.com\/de\/wp-json\/wp\/v2\/comments?post=897"}],"version-history":[{"count":13,"href":"https:\/\/www.cgsotomat.com\/de\/wp-json\/wp\/v2\/pages\/897\/revisions"}],"predecessor-version":[{"id":987,"href":"https:\/\/www.cgsotomat.com\/de\/wp-json\/wp\/v2\/pages\/897\/revisions\/987"}],"wp:attachment":[{"href":"https:\/\/www.cgsotomat.com\/de\/wp-json\/wp\/v2\/media?parent=897"}],"curies":[{"name":"wp","href":"https:\/\/api.w.org\/{rel}","templated":true}]}}