{"id":906,"date":"2023-03-10T10:48:24","date_gmt":"2023-03-10T07:48:24","guid":{"rendered":"https:\/\/www.cgsotomat.com\/?page_id=906"},"modified":"2024-03-28T20:21:59","modified_gmt":"2024-03-28T17:21:59","slug":"qualitats-managment","status":"publish","type":"page","link":"https:\/\/www.cgsotomat.com\/de\/qualitats-managment\/","title":{"rendered":"QUALIT\u00c4TS MANAGMENT"},"content":{"rendered":"\t\t<div data-elementor-type=\"wp-page\" data-elementor-id=\"906\" class=\"elementor elementor-906\" data-elementor-settings=\"{&quot;ha_cmc_init_switcher&quot;:&quot;no&quot;}\">\n\t\t\t\t\t\t<section class=\"elementor-section elementor-top-section elementor-element elementor-element-11a7d39 elementor-section-boxed elementor-section-height-default elementor-section-height-default wpr-particle-no wpr-jarallax-no wpr-parallax-no wpr-sticky-section-no\" data-id=\"11a7d39\" data-element_type=\"section\" data-settings=\"{&quot;_ha_eqh_enable&quot;:false}\">\n\t\t\t\t\t\t<div class=\"elementor-container elementor-column-gap-default\">\n\t\t\t\t\t<div class=\"elementor-column elementor-col-50 elementor-top-column elementor-element elementor-element-6f75bb7 elementor-invisible\" data-id=\"6f75bb7\" data-element_type=\"column\" data-settings=\"{&quot;animation&quot;:&quot;fadeInLeft&quot;}\">\n\t\t\t<div class=\"elementor-widget-wrap elementor-element-populated\">\n\t\t\t\t\t\t<div class=\"elementor-element elementor-element-59c4f23 elementor-widget elementor-widget-text-editor\" data-id=\"59c4f23\" data-element_type=\"widget\" data-widget_type=\"text-editor.default\">\n\t\t\t\t<div class=\"elementor-widget-container\">\n\t\t\t\t\t\t\t\t\tQualit\u00e4ts Managment\t\t\t\t\t\t\t\t<\/div>\n\t\t\t\t<\/div>\n\t\t\t\t<div class=\"elementor-element elementor-element-164f2cf elementor-widget elementor-widget-text-editor\" data-id=\"164f2cf\" data-element_type=\"widget\" data-widget_type=\"text-editor.default\">\n\t\t\t\t<div class=\"elementor-widget-container\">\n\t\t\t\t\t\t\t\t\t<p>Ohne unsere Produkt- und Servicequalit\u00e4t zu beeintr\u00e4chtigen, um unseren Kunden den besten Service zu bieten, indem wir unsere Produkte vollst\u00e4ndig und p\u00fcnktlich mit einer erschwinglichen Preispolitik versenden,<\/p><p>Entwicklung unserer Wettbewerbsf\u00e4higkeit durch Steigerung unserer Produktivit\u00e4t und Rentabilit\u00e4t unter bewusster Beteiligung unserer Mitarbeiter durch Anwendung des Prinzips der kontinuierlichen Verbesserung in allen unseren Einheiten bei der Aus\u00fcbung unserer Aktivit\u00e4ten,<\/p><p>Unsere Mitarbeiter durch Schulungen kontinuierlich zu verbessern, ihnen ein geeignetes Arbeitsumfeld und M\u00f6glichkeiten zu bieten, ein H\u00f6chstma\u00df an Mitarbeitermotivation zu gew\u00e4hrleisten,<\/p><p>Zusammen mit seinen Mitarbeitern; Ein effizientes und effektives Unternehmen zu sein, das stets die Kundenzufriedenheit im Auge beh\u00e4lt, seine Produkt- und Servicequalit\u00e4t st\u00e4ndig verbessert, respektvoll und sensibel gegen\u00fcber der Umwelt ist, neue Technologien verfolgt und als &#8220;strategischer Gesch\u00e4ftspartner&#8221; auf nationalen und internationalen M\u00e4rkten bevorzugt wird in seinen fokussierten Gesch\u00e4ften.<\/p>\t\t\t\t\t\t\t\t<\/div>\n\t\t\t\t<\/div>\n\t\t\t\t\t<\/div>\n\t\t<\/div>\n\t\t\t\t<div class=\"elementor-column elementor-col-50 elementor-top-column elementor-element elementor-element-64c663c elementor-invisible\" data-id=\"64c663c\" data-element_type=\"column\" data-settings=\"{&quot;animation&quot;:&quot;fadeInUp&quot;}\">\n\t\t\t<div class=\"elementor-widget-wrap elementor-element-populated\">\n\t\t\t\t\t\t<div class=\"elementor-element elementor-element-7583097 elementor-widget elementor-widget-text-editor\" data-id=\"7583097\" data-element_type=\"widget\" data-widget_type=\"text-editor.default\">\n\t\t\t\t<div class=\"elementor-widget-container\">\n\t\t\t\t\t\t\t\t\tQualit\u00e4tszertifikat\t\t\t\t\t\t\t\t<\/div>\n\t\t\t\t<\/div>\n\t\t\t\t<div class=\"elementor-element elementor-element-0dacbd2 elementor-widget elementor-widget-image\" data-id=\"0dacbd2\" data-element_type=\"widget\" data-widget_type=\"image.default\">\n\t\t\t\t<div class=\"elementor-widget-container\">\n\t\t\t\t\t\t\t\t\t\t\t\t\t\t\t\t<a href=\"https:\/\/www.cgsotomat.com\/wp-content\/uploads\/2024\/03\/cgsotomat-quality-2024.png\" data-elementor-open-lightbox=\"yes\" data-elementor-lightbox-title=\"cgsotomat quality 2024\" data-e-action-hash=\"#elementor-action%3Aaction%3Dlightbox%26settings%3DeyJpZCI6MTAwMSwidXJsIjoiaHR0cHM6XC9cL3d3dy5jZ3NvdG9tYXQuY29tXC93cC1jb250ZW50XC91cGxvYWRzXC8yMDI0XC8wM1wvY2dzb3RvbWF0LXF1YWxpdHktMjAyNC5wbmcifQ%3D%3D\">\n\t\t\t\t\t\t\t<img fetchpriority=\"high\" decoding=\"async\" width=\"716\" height=\"1024\" src=\"https:\/\/www.cgsotomat.com\/wp-content\/uploads\/2024\/03\/cgsotomat-quality-2024-716x1024.png\" class=\"attachment-large size-large wp-image-1001\" alt=\"\" srcset=\"https:\/\/www.cgsotomat.com\/wp-content\/uploads\/2024\/03\/cgsotomat-quality-2024-716x1024.png 716w, https:\/\/www.cgsotomat.com\/wp-content\/uploads\/2024\/03\/cgsotomat-quality-2024-210x300.png 210w, https:\/\/www.cgsotomat.com\/wp-content\/uploads\/2024\/03\/cgsotomat-quality-2024-768x1098.png 768w, https:\/\/www.cgsotomat.com\/wp-content\/uploads\/2024\/03\/cgsotomat-quality-2024.png 976w\" sizes=\"(max-width: 716px) 100vw, 716px\" \/>\t\t\t\t\t\t\t\t<\/a>\n\t\t\t\t\t\t\t\t\t\t\t\t\t\t\t<\/div>\n\t\t\t\t<\/div>\n\t\t\t\t\t<\/div>\n\t\t<\/div>\n\t\t\t\t\t<\/div>\n\t\t<\/section>\n\t\t\t\t<\/div>\n\t\t","protected":false},"excerpt":{"rendered":"<p>cgsotomat quality 2024<\/p>\n","protected":false},"author":1,"featured_media":0,"parent":0,"menu_order":0,"comment_status":"closed","ping_status":"closed","template":"","meta":{"om_disable_all_campaigns":false,"_monsterinsights_skip_tracking":false,"_monsterinsights_sitenote_active":false,"_monsterinsights_sitenote_note":"","_monsterinsights_sitenote_category":0,"footnotes":""},"class_list":["post-906","page","type-page","status-publish","hentry"],"aioseo_notices":[],"_links":{"self":[{"href":"https:\/\/www.cgsotomat.com\/de\/wp-json\/wp\/v2\/pages\/906","targetHints":{"allow":["GET"]}}],"collection":[{"href":"https:\/\/www.cgsotomat.com\/de\/wp-json\/wp\/v2\/pages"}],"about":[{"href":"https:\/\/www.cgsotomat.com\/de\/wp-json\/wp\/v2\/types\/page"}],"author":[{"embeddable":true,"href":"https:\/\/www.cgsotomat.com\/de\/wp-json\/wp\/v2\/users\/1"}],"replies":[{"embeddable":true,"href":"https:\/\/www.cgsotomat.com\/de\/wp-json\/wp\/v2\/comments?post=906"}],"version-history":[{"count":16,"href":"https:\/\/www.cgsotomat.com\/de\/wp-json\/wp\/v2\/pages\/906\/revisions"}],"predecessor-version":[{"id":1007,"href":"https:\/\/www.cgsotomat.com\/de\/wp-json\/wp\/v2\/pages\/906\/revisions\/1007"}],"wp:attachment":[{"href":"https:\/\/www.cgsotomat.com\/de\/wp-json\/wp\/v2\/media?parent=906"}],"curies":[{"name":"wp","href":"https:\/\/api.w.org\/{rel}","templated":true}]}}