{"id":69,"date":"2023-02-12T02:53:41","date_gmt":"2023-02-11T23:53:41","guid":{"rendered":"https:\/\/www.cgsotomat.com\/?page_id=69"},"modified":"2023-03-05T19:57:37","modified_gmt":"2023-03-05T16:57:37","slug":"hakkimizda","status":"publish","type":"page","link":"https:\/\/www.cgsotomat.com\/eng\/hakkimizda\/","title":{"rendered":"Hakk\u0131m\u0131zda"},"content":{"rendered":"\t\t<div data-elementor-type=\"wp-page\" data-elementor-id=\"69\" class=\"elementor elementor-69\" data-elementor-settings=\"{&quot;ha_cmc_init_switcher&quot;:&quot;no&quot;}\">\n\t\t\t\t\t\t<section class=\"elementor-section elementor-top-section elementor-element elementor-element-4de48c39 elementor-section-boxed elementor-section-height-default elementor-section-height-default wpr-particle-no wpr-jarallax-no wpr-parallax-no wpr-sticky-section-no\" data-id=\"4de48c39\" data-element_type=\"section\" data-settings=\"{&quot;_ha_eqh_enable&quot;:false}\">\n\t\t\t\t\t\t<div class=\"elementor-container elementor-column-gap-default\">\n\t\t\t\t\t<div class=\"elementor-column elementor-col-50 elementor-top-column elementor-element elementor-element-100b493f elementor-invisible\" data-id=\"100b493f\" data-element_type=\"column\" data-settings=\"{&quot;animation&quot;:&quot;fadeIn&quot;}\">\n\t\t\t<div class=\"elementor-widget-wrap elementor-element-populated\">\n\t\t\t\t\t\t<div class=\"elementor-element elementor-element-07674bf elementor-widget elementor-widget-text-editor\" data-id=\"07674bf\" data-element_type=\"widget\" data-widget_type=\"text-editor.default\">\n\t\t\t\t<div class=\"elementor-widget-container\">\n\t\t\t\t\t\t\t\t\t<strong>C.G.S. OTOMAT\u00a0<\/strong>\t\t\t\t\t\t\t\t<\/div>\n\t\t\t\t<\/div>\n\t\t\t\t<div class=\"elementor-element elementor-element-591c7a44 elementor-widget elementor-widget-text-editor\" data-id=\"591c7a44\" data-element_type=\"widget\" data-widget_type=\"text-editor.default\">\n\t\t\t\t<div class=\"elementor-widget-container\">\n\t\t\t\t\t\t\t\t\t<p>Firmam\u0131z 2000 y\u0131l\u0131ndan bu yana otomotiv yan sanayi ve bir b\u00fct\u00fcn olarak <span style=\"text-decoration: underline;\"><strong>kayar otomat<\/strong><\/span> tala\u015fl\u0131 imalat sekt\u00f6r\u00fcne hizmet sunmaktad\u0131r. Hizmetin her safhas\u0131nda g\u00fcveninize lay\u0131k olmak, m\u00fc\u015fteri taleplerini fazlas\u0131yla ve zaman\u0131nda kar\u015f\u0131layan sekt\u00f6r\u00fcn \u00f6nc\u00fc firmas\u0131 olmay\u0131 hedefledik. Dolay\u0131s\u0131yla m\u00fc\u015fteri istek ve beklentilerini sat\u0131\u015f \u00f6ncesi ve sonras\u0131 \u00f6nemseyen firmam\u0131z hert\u00fcrl\u00fc sipari\u015flerinizi kaliteli ve uygun fiyatla sa\u011flaman\u0131n uygun ko\u015fullar\u0131n\u0131 olu\u015fturma ve s\u00fcreklile\u015ftirmek i\u00e7in teknik birikim ve donan\u0131m\u0131m\u0131z\u0131 hizmetinize sunuyoruz.<\/p><p>\u00dcretti\u011fimiz par\u00e7alar; a\u011f\u0131rl\u0131k olarak Mercedes, BMW, Volkswagen, Bosch, Valeo, Delphi, Nobel Otomotiv, Kale Oto Radyat\u00f6r, Beko-Ar\u00e7elik gibi otomotiv ve beyaz e\u015fya sekt\u00f6r\u00fcndeki \u00f6nc\u00fc firmalar\u0131n \u00fcr\u00fcnlerinde kullan\u0131lmaktad\u0131r.<\/p><p><strong>C.G.S. Otomat<\/strong>, sahip oldu\u011fu de\u011ferler ile m\u00fc\u015fterilerine daha y\u00fcksek standartlarda \u00fcr\u00fcn ve hizmet sunmay\u0131 ama\u00e7 edinmi\u015ftir.<br \/>Her zaman olabildi\u011fince en g\u00fcncel makine parkuruyla hizmet sunulmas\u0131,<br \/>Tutarl\u0131 fiyat politikas\u0131,<br \/>S\u0131f\u0131r hata ve teslimat s\u00fcreci i\u00e7in geli\u015ftirilen i\u015f s\u00fcre\u00e7leri,<br \/>M\u00fc\u015fterilerle g\u00fcvene dayal\u0131 h\u0131zl\u0131 ileti\u015fim.<\/p><p><strong>Hizmetlerimiz<\/strong><br \/>&#8211; Otomotiv Yedek Par\u00e7a<br \/>&#8211; Kal\u0131p Aparatlar\u0131 \u0130malat\u0131 (Kal\u0131p Kolonu, Bur\u00e7, Tespit Pimi, Yayl\u0131 \u00c7\u0131kar\u0131c\u0131lar vb.)<br \/>&#8211; Hidrolik Sanayi Par\u00e7a \u0130malat\u0131<br \/>&#8211; Is\u0131 ve Tesisat Sanayi Par\u00e7a \u0130malat\u0131<br \/>&#8211; \u00d6zel ve Genel Somun ve Civata \u0130malat\u0131<br \/>&#8211; T\u00fcm Tala\u015fl\u0131 \u0130malat \u00dcr\u00fcnleri<\/p>\t\t\t\t\t\t\t\t<\/div>\n\t\t\t\t<\/div>\n\t\t\t\t\t<\/div>\n\t\t<\/div>\n\t\t\t\t<div class=\"elementor-column elementor-col-50 elementor-top-column elementor-element elementor-element-4399269 elementor-invisible\" data-id=\"4399269\" data-element_type=\"column\" data-settings=\"{&quot;animation&quot;:&quot;fadeInRight&quot;}\">\n\t\t\t<div class=\"elementor-widget-wrap elementor-element-populated\">\n\t\t\t\t\t\t<div class=\"elementor-element elementor-element-450549f elementor-widget elementor-widget-ha-justified-gallery happy-addon ha-justified-gallery\" data-id=\"450549f\" data-element_type=\"widget\" data-settings=\"{&quot;row_height&quot;:{&quot;unit&quot;:&quot;px&quot;,&quot;size&quot;:116,&quot;sizes&quot;:[]},&quot;margins&quot;:{&quot;unit&quot;:&quot;px&quot;,&quot;size&quot;:5,&quot;sizes&quot;:[]},&quot;last_row&quot;:&quot;justify&quot;,&quot;enable_popup&quot;:&quot;yes&quot;}\" data-widget_type=\"ha-justified-gallery.default\">\n\t\t\t\t<div class=\"elementor-widget-container\">\n\t\t\t\t\t\n\t\t<div class=\"ha-justified-grid__wrap hajs-justified-grid\">\n\t\t\t\t\t\t\t<a href=\"#\" data-mfp-src=\"https:\/\/www.cgsotomat.com\/wp-content\/uploads\/2023\/02\/IMG_8984-1024x768-1.png\" class=\"ha-justified-grid__item ha-js-lightbox __fltr-1\" title=\"\">\n\t\t\t\t\t<img fetchpriority=\"high\" decoding=\"async\" width=\"300\" height=\"225\" src=\"https:\/\/www.cgsotomat.com\/wp-content\/uploads\/2023\/02\/IMG_8984-1024x768-1-300x225.png\" class=\"elementor-animation-grow\" alt=\"\" srcset=\"https:\/\/www.cgsotomat.com\/wp-content\/uploads\/2023\/02\/IMG_8984-1024x768-1-300x225.png 300w, https:\/\/www.cgsotomat.com\/wp-content\/uploads\/2023\/02\/IMG_8984-1024x768-1-768x576.png 768w, https:\/\/www.cgsotomat.com\/wp-content\/uploads\/2023\/02\/IMG_8984-1024x768-1.png 1024w\" sizes=\"(max-width: 300px) 100vw, 300px\" \/>\t\t\t\t<\/a>\n\t\t\t\t\t\t\t<a href=\"#\" data-mfp-src=\"https:\/\/www.cgsotomat.com\/wp-content\/uploads\/2023\/02\/IMG_9063-1024x620-1.png\" class=\"ha-justified-grid__item ha-js-lightbox __fltr-1\" title=\"\">\n\t\t\t\t\t<img decoding=\"async\" width=\"300\" height=\"182\" src=\"https:\/\/www.cgsotomat.com\/wp-content\/uploads\/2023\/02\/IMG_9063-1024x620-1-300x182.png\" class=\"elementor-animation-grow\" alt=\"\" srcset=\"https:\/\/www.cgsotomat.com\/wp-content\/uploads\/2023\/02\/IMG_9063-1024x620-1-300x182.png 300w, https:\/\/www.cgsotomat.com\/wp-content\/uploads\/2023\/02\/IMG_9063-1024x620-1-768x465.png 768w, https:\/\/www.cgsotomat.com\/wp-content\/uploads\/2023\/02\/IMG_9063-1024x620-1.png 1024w\" sizes=\"(max-width: 300px) 100vw, 300px\" \/>\t\t\t\t<\/a>\n\t\t\t\t\t\t\t<a href=\"#\" data-mfp-src=\"https:\/\/www.cgsotomat.com\/wp-content\/uploads\/2023\/02\/1024x595.png\" class=\"ha-justified-grid__item ha-js-lightbox __fltr-1\" title=\"\">\n\t\t\t\t\t<img decoding=\"async\" width=\"300\" height=\"174\" src=\"https:\/\/www.cgsotomat.com\/wp-content\/uploads\/2023\/02\/1024x595-300x174.png\" class=\"elementor-animation-grow\" alt=\"\" srcset=\"https:\/\/www.cgsotomat.com\/wp-content\/uploads\/2023\/02\/1024x595-300x174.png 300w, https:\/\/www.cgsotomat.com\/wp-content\/uploads\/2023\/02\/1024x595-768x446.png 768w, https:\/\/www.cgsotomat.com\/wp-content\/uploads\/2023\/02\/1024x595.png 1024w\" sizes=\"(max-width: 300px) 100vw, 300px\" \/>\t\t\t\t<\/a>\n\t\t\t\t\t\t\t<a href=\"#\" data-mfp-src=\"https:\/\/www.cgsotomat.com\/wp-content\/uploads\/2023\/02\/IMG_8957-1024x768-1.png\" class=\"ha-justified-grid__item ha-js-lightbox __fltr-1\" title=\"\">\n\t\t\t\t\t<img loading=\"lazy\" decoding=\"async\" width=\"300\" height=\"225\" src=\"https:\/\/www.cgsotomat.com\/wp-content\/uploads\/2023\/02\/IMG_8957-1024x768-1-300x225.png\" class=\"elementor-animation-grow\" alt=\"\" srcset=\"https:\/\/www.cgsotomat.com\/wp-content\/uploads\/2023\/02\/IMG_8957-1024x768-1-300x225.png 300w, https:\/\/www.cgsotomat.com\/wp-content\/uploads\/2023\/02\/IMG_8957-1024x768-1-768x576.png 768w, https:\/\/www.cgsotomat.com\/wp-content\/uploads\/2023\/02\/IMG_8957-1024x768-1.png 1024w\" sizes=\"(max-width: 300px) 100vw, 300px\" \/>\t\t\t\t<\/a>\n\t\t\t\t\t\t\t<a href=\"#\" data-mfp-src=\"https:\/\/www.cgsotomat.com\/wp-content\/uploads\/2023\/02\/IMG_8960-1024x768-1.png\" class=\"ha-justified-grid__item ha-js-lightbox __fltr-1\" title=\"\">\n\t\t\t\t\t<img loading=\"lazy\" decoding=\"async\" width=\"300\" height=\"225\" src=\"https:\/\/www.cgsotomat.com\/wp-content\/uploads\/2023\/02\/IMG_8960-1024x768-1-300x225.png\" class=\"elementor-animation-grow\" alt=\"\" srcset=\"https:\/\/www.cgsotomat.com\/wp-content\/uploads\/2023\/02\/IMG_8960-1024x768-1-300x225.png 300w, https:\/\/www.cgsotomat.com\/wp-content\/uploads\/2023\/02\/IMG_8960-1024x768-1-768x576.png 768w, https:\/\/www.cgsotomat.com\/wp-content\/uploads\/2023\/02\/IMG_8960-1024x768-1.png 1024w\" sizes=\"(max-width: 300px) 100vw, 300px\" \/>\t\t\t\t<\/a>\n\t\t\t\t\t\t\t<a href=\"#\" data-mfp-src=\"https:\/\/www.cgsotomat.com\/wp-content\/uploads\/2023\/02\/IMG_8963-1024x768-1.png\" class=\"ha-justified-grid__item ha-js-lightbox __fltr-1\" title=\"\">\n\t\t\t\t\t<img loading=\"lazy\" decoding=\"async\" width=\"300\" height=\"225\" src=\"https:\/\/www.cgsotomat.com\/wp-content\/uploads\/2023\/02\/IMG_8963-1024x768-1-300x225.png\" class=\"elementor-animation-grow\" alt=\"\" srcset=\"https:\/\/www.cgsotomat.com\/wp-content\/uploads\/2023\/02\/IMG_8963-1024x768-1-300x225.png 300w, https:\/\/www.cgsotomat.com\/wp-content\/uploads\/2023\/02\/IMG_8963-1024x768-1-768x576.png 768w, https:\/\/www.cgsotomat.com\/wp-content\/uploads\/2023\/02\/IMG_8963-1024x768-1.png 1024w\" sizes=\"(max-width: 300px) 100vw, 300px\" \/>\t\t\t\t<\/a>\n\t\t\t\t\t<\/div>\n\n\t\t\t\t\t\t<\/div>\n\t\t\t\t<\/div>\n\t\t\t\t\t<\/div>\n\t\t<\/div>\n\t\t\t\t\t<\/div>\n\t\t<\/section>\n\t\t\t\t<\/div>\n\t\t","protected":false},"excerpt":{"rendered":"<p>C.G.S. OTOMAT\u00a0 Firmam\u0131z 2000 y\u0131l\u0131ndan bu yana otomotiv yan sanayi ve bir b\u00fct\u00fcn olarak kayar otomat tala\u015fl\u0131 imalat sekt\u00f6r\u00fcne hizmet sunmaktad\u0131r. Hizmetin her safhas\u0131nda g\u00fcveninize&hellip;<\/p>\n","protected":false},"author":1,"featured_media":0,"parent":0,"menu_order":0,"comment_status":"closed","ping_status":"closed","template":"","meta":{"om_disable_all_campaigns":false,"_monsterinsights_skip_tracking":false,"_monsterinsights_sitenote_active":false,"_monsterinsights_sitenote_note":"","_monsterinsights_sitenote_category":0,"footnotes":""},"class_list":["post-69","page","type-page","status-publish","hentry"],"aioseo_notices":[],"_links":{"self":[{"href":"https:\/\/www.cgsotomat.com\/eng\/wp-json\/wp\/v2\/pages\/69","targetHints":{"allow":["GET"]}}],"collection":[{"href":"https:\/\/www.cgsotomat.com\/eng\/wp-json\/wp\/v2\/pages"}],"about":[{"href":"https:\/\/www.cgsotomat.com\/eng\/wp-json\/wp\/v2\/types\/page"}],"author":[{"embeddable":true,"href":"https:\/\/www.cgsotomat.com\/eng\/wp-json\/wp\/v2\/users\/1"}],"replies":[{"embeddable":true,"href":"https:\/\/www.cgsotomat.com\/eng\/wp-json\/wp\/v2\/comments?post=69"}],"version-history":[{"count":48,"href":"https:\/\/www.cgsotomat.com\/eng\/wp-json\/wp\/v2\/pages\/69\/revisions"}],"predecessor-version":[{"id":779,"href":"https:\/\/www.cgsotomat.com\/eng\/wp-json\/wp\/v2\/pages\/69\/revisions\/779"}],"wp:attachment":[{"href":"https:\/\/www.cgsotomat.com\/eng\/wp-json\/wp\/v2\/media?parent=69"}],"curies":[{"name":"wp","href":"https:\/\/api.w.org\/{rel}","templated":true}]}}