{"id":83,"date":"2023-02-12T02:58:41","date_gmt":"2023-02-11T23:58:41","guid":{"rendered":"https:\/\/www.cgsotomat.com\/?page_id=83"},"modified":"2023-02-21T14:10:37","modified_gmt":"2023-02-21T11:10:37","slug":"referanslar","status":"publish","type":"page","link":"https:\/\/www.cgsotomat.com\/eng\/referanslar\/","title":{"rendered":"Referanslar"},"content":{"rendered":"\t\t<div data-elementor-type=\"wp-page\" data-elementor-id=\"83\" class=\"elementor elementor-83\" data-elementor-settings=\"{&quot;ha_cmc_init_switcher&quot;:&quot;no&quot;}\">\n\t\t\t\t\t\t<section class=\"elementor-section elementor-top-section elementor-element elementor-element-1936824 elementor-section-boxed elementor-section-height-default elementor-section-height-default wpr-particle-no wpr-jarallax-no wpr-parallax-no wpr-sticky-section-no\" data-id=\"1936824\" data-element_type=\"section\" data-settings=\"{&quot;_ha_eqh_enable&quot;:false}\">\n\t\t\t\t\t\t<div class=\"elementor-container elementor-column-gap-default\">\n\t\t\t\t\t<div class=\"elementor-column elementor-col-100 elementor-top-column elementor-element elementor-element-efa871a\" data-id=\"efa871a\" data-element_type=\"column\">\n\t\t\t<div class=\"elementor-widget-wrap elementor-element-populated\">\n\t\t\t\t\t\t<div class=\"elementor-element elementor-element-0ef4a50 elementor-widget elementor-widget-text-editor\" data-id=\"0ef4a50\" data-element_type=\"widget\" data-widget_type=\"text-editor.default\">\n\t\t\t\t<div class=\"elementor-widget-container\">\n\t\t\t\t\t\t\t\t\t<strong>&#8220;BA\u011eLARIMIZ G\u00dcVENLE KURULUR&#8221;<\/strong>\t\t\t\t\t\t\t\t<\/div>\n\t\t\t\t<\/div>\n\t\t\t\t<div class=\"elementor-element elementor-element-f9c0242 elementor-widget elementor-widget-text-editor\" data-id=\"f9c0242\" data-element_type=\"widget\" data-widget_type=\"text-editor.default\">\n\t\t\t\t<div class=\"elementor-widget-container\">\n\t\t\t\t\t\t\t\t\t<p>M\u00fc\u015fterilerimiz bir\u00e7ok farkl\u0131 sekt\u00f6rden olup, bir\u00e7o\u011fu referansla bize ula\u015fm\u0131\u015ft\u0131r. Bunun, yapt\u0131\u011f\u0131m\u0131z \u00e7al\u0131\u015fmalar\u0131n kalitesinin ve m\u00fc\u015fterilerimizle verimli bir i\u015f ili\u015fkisi kurmaya verdi\u011fimiz \u00f6nemin bir g\u00f6stergesi oldu\u011funu d\u00fc\u015f\u00fcn\u00fcyoruz.<\/p>\t\t\t\t\t\t\t\t<\/div>\n\t\t\t\t<\/div>\n\t\t\t\t\t<\/div>\n\t\t<\/div>\n\t\t\t\t\t<\/div>\n\t\t<\/section>\n\t\t\t\t<section class=\"elementor-section elementor-top-section elementor-element elementor-element-b0b2460 elementor-section-boxed elementor-section-height-default elementor-section-height-default wpr-particle-no wpr-jarallax-no wpr-parallax-no wpr-sticky-section-no\" data-id=\"b0b2460\" data-element_type=\"section\" data-settings=\"{&quot;_ha_eqh_enable&quot;:false}\">\n\t\t\t\t\t\t<div class=\"elementor-container elementor-column-gap-default\">\n\t\t\t\t\t<div class=\"elementor-column elementor-col-50 elementor-top-column elementor-element elementor-element-db0dfcb elementor-invisible\" data-id=\"db0dfcb\" data-element_type=\"column\" data-settings=\"{&quot;animation&quot;:&quot;bounce&quot;}\">\n\t\t\t<div class=\"elementor-widget-wrap elementor-element-populated\">\n\t\t\t\t\t\t<div class=\"elementor-element elementor-element-2112d32 gallery-spacing-custom elementor-widget elementor-widget-image-gallery\" data-id=\"2112d32\" data-element_type=\"widget\" data-widget_type=\"image-gallery.default\">\n\t\t\t\t<div class=\"elementor-widget-container\">\n\t\t\t\t\t\t\t<div class=\"elementor-image-gallery\">\n\t\t\t<div id='gallery-1' class='gallery galleryid-83 gallery-columns-1 gallery-size-medium'><figure class='gallery-item'>\r\n\t\t\t<div class='gallery-icon landscape'>\r\n\t\t\t\t<a data-elementor-open-lightbox=\"yes\" data-elementor-lightbox-slideshow=\"2112d32\" data-elementor-lightbox-title=\"gumatec-gr2\" data-e-action-hash=\"#elementor-action%3Aaction%3Dlightbox%26settings%3DeyJpZCI6NTIzLCJ1cmwiOiJodHRwczpcL1wvd3d3LmNnc290b21hdC5jb21cL3dwLWNvbnRlbnRcL3VwbG9hZHNcLzIwMjNcLzAyXC9ndW1hdGVjLWdyMi5qcGciLCJzbGlkZXNob3ciOiIyMTEyZDMyIn0%3D\" href='https:\/\/www.cgsotomat.com\/wp-content\/uploads\/2023\/02\/gumatec-gr2.jpg'><img fetchpriority=\"high\" decoding=\"async\" width=\"300\" height=\"300\" src=\"https:\/\/www.cgsotomat.com\/wp-content\/uploads\/2023\/02\/gumatec-gr2.jpg\" class=\"attachment-medium size-medium\" alt=\"\" srcset=\"https:\/\/www.cgsotomat.com\/wp-content\/uploads\/2023\/02\/gumatec-gr2.jpg 300w, https:\/\/www.cgsotomat.com\/wp-content\/uploads\/2023\/02\/gumatec-gr2-150x150.jpg 150w\" sizes=\"(max-width: 300px) 100vw, 300px\" \/><\/a>\r\n\t\t\t<\/div><\/figure><\/div>\n\t\t<\/div>\n\t\t\t\t\t\t<\/div>\n\t\t\t\t<\/div>\n\t\t\t\t\t<\/div>\n\t\t<\/div>\n\t\t\t\t<div class=\"elementor-column elementor-col-50 elementor-top-column elementor-element elementor-element-f447492 elementor-invisible\" data-id=\"f447492\" data-element_type=\"column\" data-settings=\"{&quot;animation&quot;:&quot;fadeIn&quot;}\">\n\t\t\t<div class=\"elementor-widget-wrap elementor-element-populated\">\n\t\t\t\t\t\t<div class=\"elementor-element elementor-element-d095699 elementor-widget elementor-widget-text-editor\" data-id=\"d095699\" data-element_type=\"widget\" data-widget_type=\"text-editor.default\">\n\t\t\t\t<div class=\"elementor-widget-container\">\n\t\t\t\t\t\t\t\t\t<p>* \u00c7al\u0131\u015ft\u0131\u011f\u0131m\u0131z di\u011fer t\u00fcm referans firmalar\u0131 bizimle ileti\u015fim kurarak \u00f6\u011frenebilirsiniz.<\/p>\t\t\t\t\t\t\t\t<\/div>\n\t\t\t\t<\/div>\n\t\t\t\t\t<\/div>\n\t\t<\/div>\n\t\t\t\t\t<\/div>\n\t\t<\/section>\n\t\t\t\t<\/div>\n\t\t","protected":false},"excerpt":{"rendered":"<p>&#8220;BA\u011eLARIMIZ G\u00dcVENLE KURULUR&#8221; M\u00fc\u015fterilerimiz bir\u00e7ok farkl\u0131 sekt\u00f6rden olup, bir\u00e7o\u011fu referansla bize ula\u015fm\u0131\u015ft\u0131r. Bunun, yapt\u0131\u011f\u0131m\u0131z \u00e7al\u0131\u015fmalar\u0131n kalitesinin ve m\u00fc\u015fterilerimizle verimli bir i\u015f ili\u015fkisi kurmaya verdi\u011fimiz \u00f6nemin&hellip;<\/p>\n","protected":false},"author":1,"featured_media":0,"parent":0,"menu_order":0,"comment_status":"closed","ping_status":"closed","template":"","meta":{"om_disable_all_campaigns":false,"_monsterinsights_skip_tracking":false,"_monsterinsights_sitenote_active":false,"_monsterinsights_sitenote_note":"","_monsterinsights_sitenote_category":0,"footnotes":""},"class_list":["post-83","page","type-page","status-publish","hentry"],"aioseo_notices":[],"_links":{"self":[{"href":"https:\/\/www.cgsotomat.com\/eng\/wp-json\/wp\/v2\/pages\/83","targetHints":{"allow":["GET"]}}],"collection":[{"href":"https:\/\/www.cgsotomat.com\/eng\/wp-json\/wp\/v2\/pages"}],"about":[{"href":"https:\/\/www.cgsotomat.com\/eng\/wp-json\/wp\/v2\/types\/page"}],"author":[{"embeddable":true,"href":"https:\/\/www.cgsotomat.com\/eng\/wp-json\/wp\/v2\/users\/1"}],"replies":[{"embeddable":true,"href":"https:\/\/www.cgsotomat.com\/eng\/wp-json\/wp\/v2\/comments?post=83"}],"version-history":[{"count":24,"href":"https:\/\/www.cgsotomat.com\/eng\/wp-json\/wp\/v2\/pages\/83\/revisions"}],"predecessor-version":[{"id":526,"href":"https:\/\/www.cgsotomat.com\/eng\/wp-json\/wp\/v2\/pages\/83\/revisions\/526"}],"wp:attachment":[{"href":"https:\/\/www.cgsotomat.com\/eng\/wp-json\/wp\/v2\/media?parent=83"}],"curies":[{"name":"wp","href":"https:\/\/api.w.org\/{rel}","templated":true}]}}