{"id":85,"date":"2023-02-12T02:59:00","date_gmt":"2023-02-11T23:59:00","guid":{"rendered":"https:\/\/www.cgsotomat.com\/?page_id=85"},"modified":"2023-03-06T09:44:38","modified_gmt":"2023-03-06T06:44:38","slug":"iletisim","status":"publish","type":"page","link":"https:\/\/www.cgsotomat.com\/eng\/iletisim\/","title":{"rendered":"\u0130leti\u015fim"},"content":{"rendered":"\t\t<div data-elementor-type=\"wp-page\" data-elementor-id=\"85\" class=\"elementor elementor-85\" data-elementor-settings=\"{&quot;ha_cmc_init_switcher&quot;:&quot;no&quot;}\">\n\t\t\t\t\t\t<section class=\"elementor-section elementor-top-section elementor-element elementor-element-5181e71 elementor-section-boxed elementor-section-height-default elementor-section-height-default wpr-particle-no wpr-jarallax-no wpr-parallax-no wpr-sticky-section-no\" data-id=\"5181e71\" data-element_type=\"section\" data-settings=\"{&quot;_ha_eqh_enable&quot;:false}\">\n\t\t\t\t\t\t<div class=\"elementor-container elementor-column-gap-default\">\n\t\t\t\t\t<div class=\"elementor-column elementor-col-50 elementor-top-column elementor-element elementor-element-8e46f87\" data-id=\"8e46f87\" data-element_type=\"column\" data-settings=\"{&quot;animation&quot;:&quot;none&quot;}\">\n\t\t\t<div class=\"elementor-widget-wrap elementor-element-populated\">\n\t\t\t\t\t\t<div class=\"elementor-element elementor-element-568e1ee elementor-widget elementor-widget-text-editor\" data-id=\"568e1ee\" data-element_type=\"widget\" data-widget_type=\"text-editor.default\">\n\t\t\t\t<div class=\"elementor-widget-container\">\n\t\t\t\t\t\t\t\t\tTelefon:\t\t\t\t\t\t\t\t<\/div>\n\t\t\t\t<\/div>\n\t\t\t\t<div class=\"elementor-element elementor-element-67caa79 animated-fast elementor-invisible elementor-widget elementor-widget-text-editor\" data-id=\"67caa79\" data-element_type=\"widget\" data-settings=\"{&quot;_animation&quot;:&quot;fadeIn&quot;}\" data-widget_type=\"text-editor.default\">\n\t\t\t\t<div class=\"elementor-widget-container\">\n\t\t\t\t\t\t\t\t\t<a href=\"tel:+902242640523\">+90 (224) 364 05 23<\/a>\t\t\t\t\t\t\t\t<\/div>\n\t\t\t\t<\/div>\n\t\t\t\t<div class=\"elementor-element elementor-element-1b568cf elementor-widget elementor-widget-text-editor\" data-id=\"1b568cf\" data-element_type=\"widget\" data-widget_type=\"text-editor.default\">\n\t\t\t\t<div class=\"elementor-widget-container\">\n\t\t\t\t\t\t\t\t\tEmail:\t\t\t\t\t\t\t\t<\/div>\n\t\t\t\t<\/div>\n\t\t\t\t<div class=\"elementor-element elementor-element-c332810 elementor-invisible elementor-widget elementor-widget-text-editor\" data-id=\"c332810\" data-element_type=\"widget\" data-settings=\"{&quot;_animation&quot;:&quot;fadeIn&quot;}\" data-widget_type=\"text-editor.default\">\n\t\t\t\t<div class=\"elementor-widget-container\">\n\t\t\t\t\t\t\t\t\t<a href=\"mailto:info@cgsotomat.com\">info@cgsotomat.com<\/a>\t\t\t\t\t\t\t\t<\/div>\n\t\t\t\t<\/div>\n\t\t\t\t<div class=\"elementor-element elementor-element-a4cf66e elementor-invisible elementor-widget elementor-widget-text-editor\" data-id=\"a4cf66e\" data-element_type=\"widget\" data-settings=\"{&quot;_animation&quot;:&quot;fadeIn&quot;}\" data-widget_type=\"text-editor.default\">\n\t\t\t\t<div class=\"elementor-widget-container\">\n\t\t\t\t\t\t\t\t\t<p><span style=\"text-decoration: underline;\">(Sat\u0131\u015f ve Fiyatland\u0131rma)<\/span><br \/><a href=\"mailto:satis@cgsotomat.com\">satis@cgsotomat.com\u00a0<\/a><\/p>\t\t\t\t\t\t\t\t<\/div>\n\t\t\t\t<\/div>\n\t\t\t\t<div class=\"elementor-element elementor-element-d8f34f2 elementor-widget elementor-widget-text-editor\" data-id=\"d8f34f2\" data-element_type=\"widget\" data-widget_type=\"text-editor.default\">\n\t\t\t\t<div class=\"elementor-widget-container\">\n\t\t\t\t\t\t\t\t\tAdres:\t\t\t\t\t\t\t\t<\/div>\n\t\t\t\t<\/div>\n\t\t\t\t<div data-ha-element-link=\"{&quot;url&quot;:&quot;https:\\\/\\\/goo.gl\\\/maps\\\/KCPk2cA5nTvkT4nu9&quot;,&quot;is_external&quot;:&quot;on&quot;,&quot;nofollow&quot;:&quot;&quot;}\" style=\"cursor: pointer\" class=\"elementor-element elementor-element-8fa5262 animated-slow elementor-invisible elementor-widget elementor-widget-text-editor\" data-id=\"8fa5262\" data-element_type=\"widget\" data-settings=\"{&quot;_animation&quot;:&quot;fadeIn&quot;}\" data-widget_type=\"text-editor.default\">\n\t\t\t\t<div class=\"elementor-widget-container\">\n\t\t\t\t\t\t\t\t\t<p>Veysel Karani Mah. Vefa Sk. No. 7<br \/><strong>Osmangazi \/ BURSA \/ T\u00dcRK\u0130YE (TR)<\/strong><\/p>\t\t\t\t\t\t\t\t<\/div>\n\t\t\t\t<\/div>\n\t\t\t\t<div class=\"elementor-element elementor-element-1687c0a elementor-widget elementor-widget-text-editor\" data-id=\"1687c0a\" data-element_type=\"widget\" data-widget_type=\"text-editor.default\">\n\t\t\t\t<div class=\"elementor-widget-container\">\n\t\t\t\t\t\t\t\t\tYol tarifi ba\u015flatmak i\u00e7in adres sat\u0131r\u0131na t\u0131klayabilirsiniz.\t\t\t\t\t\t\t\t<\/div>\n\t\t\t\t<\/div>\n\t\t\t\t\t<\/div>\n\t\t<\/div>\n\t\t\t\t<div class=\"elementor-column elementor-col-50 elementor-top-column elementor-element elementor-element-a14b177 elementor-invisible\" data-id=\"a14b177\" data-element_type=\"column\" data-settings=\"{&quot;animation&quot;:&quot;fadeIn&quot;}\">\n\t\t\t<div class=\"elementor-widget-wrap elementor-element-populated\">\n\t\t\t\t\t\t<div class=\"elementor-element elementor-element-21663b8 elementor-widget elementor-widget-google_maps\" data-id=\"21663b8\" data-element_type=\"widget\" data-widget_type=\"google_maps.default\">\n\t\t\t\t<div class=\"elementor-widget-container\">\n\t\t\t\t\t\t\t<div class=\"elementor-custom-embed\">\n\t\t\t<iframe loading=\"lazy\"\n\t\t\t\t\tsrc=\"https:\/\/maps.google.com\/maps?q=%20Veysel%20Karani%20Mh.%20vefa%20Sk.%20No.%207%20osmangazi%20bursa&#038;t=m&#038;z=16&#038;output=embed&#038;iwloc=near\"\n\t\t\t\t\ttitle=\" Veysel Karani Mh. vefa Sk. No. 7 osmangazi bursa\"\n\t\t\t\t\taria-label=\" Veysel Karani Mh. vefa Sk. No. 7 osmangazi bursa\"\n\t\t\t><\/iframe>\n\t\t<\/div>\n\t\t\t\t\t\t<\/div>\n\t\t\t\t<\/div>\n\t\t\t\t\t<\/div>\n\t\t<\/div>\n\t\t\t\t\t<\/div>\n\t\t<\/section>\n\t\t\t\t<\/div>\n\t\t","protected":false},"excerpt":{"rendered":"<p>Telefon:+90 (224) 364 05 23Email:info@cgsotomat.com (Sat\u0131\u015f ve Fiyatland\u0131rma)satis@cgsotomat.com\u00a0 Adres: Veysel Karani Mah. Vefa Sk. No. 7Osmangazi \/ BURSA \/ T\u00dcRK\u0130YE (TR) Yol tarifi ba\u015flatmak i\u00e7in&hellip;<\/p>\n","protected":false},"author":1,"featured_media":0,"parent":0,"menu_order":0,"comment_status":"closed","ping_status":"closed","template":"","meta":{"om_disable_all_campaigns":false,"_monsterinsights_skip_tracking":false,"_monsterinsights_sitenote_active":false,"_monsterinsights_sitenote_note":"","_monsterinsights_sitenote_category":0,"footnotes":""},"class_list":["post-85","page","type-page","status-publish","hentry"],"aioseo_notices":[],"_links":{"self":[{"href":"https:\/\/www.cgsotomat.com\/eng\/wp-json\/wp\/v2\/pages\/85","targetHints":{"allow":["GET"]}}],"collection":[{"href":"https:\/\/www.cgsotomat.com\/eng\/wp-json\/wp\/v2\/pages"}],"about":[{"href":"https:\/\/www.cgsotomat.com\/eng\/wp-json\/wp\/v2\/types\/page"}],"author":[{"embeddable":true,"href":"https:\/\/www.cgsotomat.com\/eng\/wp-json\/wp\/v2\/users\/1"}],"replies":[{"embeddable":true,"href":"https:\/\/www.cgsotomat.com\/eng\/wp-json\/wp\/v2\/comments?post=85"}],"version-history":[{"count":102,"href":"https:\/\/www.cgsotomat.com\/eng\/wp-json\/wp\/v2\/pages\/85\/revisions"}],"predecessor-version":[{"id":868,"href":"https:\/\/www.cgsotomat.com\/eng\/wp-json\/wp\/v2\/pages\/85\/revisions\/868"}],"wp:attachment":[{"href":"https:\/\/www.cgsotomat.com\/eng\/wp-json\/wp\/v2\/media?parent=85"}],"curies":[{"name":"wp","href":"https:\/\/api.w.org\/{rel}","templated":true}]}}